 {"id":13036,"date":"2023-01-25T14:59:53","date_gmt":"2023-01-25T14:59:53","guid":{"rendered":"https:\/\/remoticom.com\/?post_type=product&#038;p=13036"},"modified":"2025-05-16T13:24:02","modified_gmt":"2025-05-16T13:24:02","slug":"energynode-link","status":"publish","type":"product","link":"https:\/\/remoticom.com\/de\/produkt\/energynode-link\/","title":{"rendered":"EnergyNode Link"},"content":{"rendered":"<p><span class=\"red\">\u2022<\/span> Nachhaltige, energie- und kostensparende L\u00f6sung<\/p>\n<p><span class=\"red\">\u2022<\/span> Plug-and-Play-System<\/p>\n<p><span class=\"red\">\u2022<\/span> DALI-2-Protokoll, D4i Typ B<\/p>\n<p><span class=\"red\">\u2022<\/span> Einfache L\u00f6sung zum Dumb-Down einer \nDALI-zertifizierten Leuchte<\/p>\n<p><span class=\"red\">\u2022<\/span> Lokale Mastkonfiguration mit \nSmartphone-App<\/p>\n<p><span class=\"red\">\u2022<\/span> Sichere Konfiguration \u00fcber Bluetooth Mesh<\/p>\n<p><span class=\"red\">\u2022<\/span> Funkreichweite von mindestens 90 \nMetern<\/p>","protected":false},"excerpt":{"rendered":"<p class=\"p1\">Der EnergyNode Link ist unserem EnergyNode Motion sehr \u00e4hnlich. Sie werden daher zusammen verwendet, um eine optimale und energiesparende Beleuchtungssteuerung zu gew\u00e4hrleisten. Es wird ein EnergyNode Link installiert, das \u00fcber einen Detektorsensor (PIR) verf\u00fcgt, der Bewegungen erfasst und an die Sensoren des EnergyNode Link weiterleitet. Das EnergyNode Link verf\u00fcgt nicht \u00fcber PIR und ist daher f\u00fcr die Lichtsteuerung auf das EnergyNode Motion angewiesen. Wenn der EnergyNode Motion eine Bewegung feststellt, sendet er ein Signal an die nachfolgenden EnergyNode Link-Sensoren. Diese erhalten eine Benachrichtigung, dass ein sich bewegendes Objekt unterwegs ist, und schalten automatisch das Licht f\u00fcr den gesamten Weg ein.<\/p>","protected":false},"featured_media":14718,"template":"","meta":{"_acf_changed":false,"site-sidebar-layout":"default","site-content-layout":"default","ast-site-content-layout":"default","site-content-style":"default","site-sidebar-style":"default","ast-global-header-display":"","ast-banner-title-visibility":"","ast-main-header-display":"","ast-hfb-above-header-display":"","ast-hfb-below-header-display":"","ast-hfb-mobile-header-display":"","site-post-title":"","ast-breadcrumbs-content":"","ast-featured-img":"","footer-sml-layout":"","ast-disable-related-posts":"","theme-transparent-header-meta":"default","adv-header-id-meta":"","stick-header-meta":"","header-above-stick-meta":"","header-main-stick-meta":"","header-below-stick-meta":"","astra-migrate-meta-layouts":"default","ast-page-background-enabled":"default","ast-page-background-meta":{"desktop":{"background-color":"","background-image":"","background-repeat":"repeat","background-position":"center center","background-size":"auto","background-attachment":"scroll","background-type":"","background-media":"","overlay-type":"","overlay-color":"","overlay-opacity":"","overlay-gradient":""},"tablet":{"background-color":"","background-image":"","background-repeat":"repeat","background-position":"center center","background-size":"auto","background-attachment":"scroll","background-type":"","background-media":"","overlay-type":"","overlay-color":"","overlay-opacity":"","overlay-gradient":""},"mobile":{"background-color":"","background-image":"","background-repeat":"repeat","background-position":"center center","background-size":"auto","background-attachment":"scroll","background-type":"","background-media":"","overlay-type":"","overlay-color":"","overlay-opacity":"","overlay-gradient":""}},"ast-content-background-meta":{"desktop":{"background-color":"var(--ast-global-color-5)","background-image":"","background-repeat":"repeat","background-position":"center center","background-size":"auto","background-attachment":"scroll","background-type":"","background-media":"","overlay-type":"","overlay-color":"","overlay-opacity":"","overlay-gradient":""},"tablet":{"background-color":"var(--ast-global-color-5)","background-image":"","background-repeat":"repeat","background-position":"center center","background-size":"auto","background-attachment":"scroll","background-type":"","background-media":"","overlay-type":"","overlay-color":"","overlay-opacity":"","overlay-gradient":""},"mobile":{"background-color":"var(--ast-global-color-5)","background-image":"","background-repeat":"repeat","background-position":"center center","background-size":"auto","background-attachment":"scroll","background-type":"","background-media":"","overlay-type":"","overlay-color":"","overlay-opacity":"","overlay-gradient":""}}},"product_brand":[],"product_cat":[255,198,201,35,34,36],"product_tag":[],"class_list":{"0":"post-13036","1":"product","2":"type-product","3":"status-publish","4":"has-post-thumbnail","6":"product_cat-buiten-verlichting","7":"product_cat-controlling","8":"product_cat-downloads","9":"product_cat-lokaal","10":"product_cat-smart-lighting","11":"product_cat-zhaga","12":"desktop-align-left","13":"tablet-align-left","14":"mobile-align-left","16":"first","17":"instock","18":"shipping-taxable","19":"product-type-simple"},"acf":[],"yoast_head":"<!-- This site is optimized with the Yoast SEO plugin v27.3 - https:\/\/yoast.com\/product\/yoast-seo-wordpress\/ -->\n<title>EnergyNode Link - Remoticom<\/title>\n<meta name=\"robots\" content=\"index, follow, max-snippet:-1, max-image-preview:large, max-video-preview:-1\" \/>\n<link rel=\"canonical\" href=\"https:\/\/remoticom.com\/de\/produkt\/energynode-link\/\" \/>\n<meta property=\"og:locale\" content=\"de_DE\" \/>\n<meta property=\"og:type\" content=\"article\" \/>\n<meta property=\"og:title\" content=\"EnergyNode Link - Remoticom\" \/>\n<meta property=\"og:description\" content=\"De EnergyNode Link is gelijkaardig aan onze EnergyNode Motion. Deze worden dan ook samen gebruikt om te zorgen voor een optimale en energiebesparende lichtcontrole. Er wordt een EnergyNode Motion geplaatst die beschikt over een detectivesensor (PIR), die bewegingen opneemt en doorgeeft aan EnergyNode Link sensoren. De EnergyNode Link beschikt niet over PIR en is dan ook afhankelijk van de EnergyNode Motion voor de controle van het licht. Neemt de ZMS200 een beweging waar, dan zendt deze een signaal naar de opeenvolgende EnergyNode Link sensoren. Deze krijgen een melding dat er een bewegend object onderweg is, waardoor het licht automatisch zal aangaan voor het volledige pad.\" \/>\n<meta property=\"og:url\" content=\"https:\/\/remoticom.com\/de\/produkt\/energynode-link\/\" \/>\n<meta property=\"og:site_name\" content=\"Remoticom\" \/>\n<meta property=\"article:modified_time\" content=\"2025-05-16T13:24:02+00:00\" \/>\n<meta property=\"og:image\" content=\"https:\/\/remoticom.com\/wp-content\/uploads\/2023\/01\/EnergyNodeLink-website-1.png\" \/>\n\t<meta property=\"og:image:width\" content=\"1000\" \/>\n\t<meta property=\"og:image:height\" content=\"1000\" \/>\n\t<meta property=\"og:image:type\" content=\"image\/png\" \/>\n<meta name=\"twitter:card\" content=\"summary_large_image\" \/>\n<meta name=\"twitter:label1\" content=\"Gesch\u00e4tzte Lesezeit\" \/>\n\t<meta name=\"twitter:data1\" content=\"1\u00a0Minute\" \/>\n<script type=\"application\/ld+json\" class=\"yoast-schema-graph\">{\"@context\":\"https:\\\/\\\/schema.org\",\"@graph\":[{\"@type\":\"WebPage\",\"@id\":\"https:\\\/\\\/remoticom.com\\\/product\\\/energynode-link\\\/\",\"url\":\"https:\\\/\\\/remoticom.com\\\/product\\\/energynode-link\\\/\",\"name\":\"EnergyNode Link - Remoticom\",\"isPartOf\":{\"@id\":\"https:\\\/\\\/remoticom.com\\\/nl_nl\\\/#website\"},\"primaryImageOfPage\":{\"@id\":\"https:\\\/\\\/remoticom.com\\\/product\\\/energynode-link\\\/#primaryimage\"},\"image\":{\"@id\":\"https:\\\/\\\/remoticom.com\\\/product\\\/energynode-link\\\/#primaryimage\"},\"thumbnailUrl\":\"https:\\\/\\\/remoticom.com\\\/wp-content\\\/uploads\\\/2023\\\/01\\\/EnergyNodeLink-website-1.png\",\"datePublished\":\"2023-01-25T14:59:53+00:00\",\"dateModified\":\"2025-05-16T13:24:02+00:00\",\"breadcrumb\":{\"@id\":\"https:\\\/\\\/remoticom.com\\\/product\\\/energynode-link\\\/#breadcrumb\"},\"inLanguage\":\"de\",\"potentialAction\":[{\"@type\":\"ReadAction\",\"target\":[\"https:\\\/\\\/remoticom.com\\\/product\\\/energynode-link\\\/\"]}]},{\"@type\":\"ImageObject\",\"inLanguage\":\"de\",\"@id\":\"https:\\\/\\\/remoticom.com\\\/product\\\/energynode-link\\\/#primaryimage\",\"url\":\"https:\\\/\\\/remoticom.com\\\/wp-content\\\/uploads\\\/2023\\\/01\\\/EnergyNodeLink-website-1.png\",\"contentUrl\":\"https:\\\/\\\/remoticom.com\\\/wp-content\\\/uploads\\\/2023\\\/01\\\/EnergyNodeLink-website-1.png\",\"width\":1000,\"height\":1000},{\"@type\":\"BreadcrumbList\",\"@id\":\"https:\\\/\\\/remoticom.com\\\/product\\\/energynode-link\\\/#breadcrumb\",\"itemListElement\":[{\"@type\":\"ListItem\",\"position\":1,\"name\":\"Home\",\"item\":\"https:\\\/\\\/remoticom.com\\\/\"},{\"@type\":\"ListItem\",\"position\":2,\"name\":\"Producten\",\"item\":\"https:\\\/\\\/remoticom.com\\\/en\\\/producten\\\/\"},{\"@type\":\"ListItem\",\"position\":3,\"name\":\"EnergyNode Link\"}]},{\"@type\":\"WebSite\",\"@id\":\"https:\\\/\\\/remoticom.com\\\/nl_nl\\\/#website\",\"url\":\"https:\\\/\\\/remoticom.com\\\/nl_nl\\\/\",\"name\":\"Remoticom\",\"description\":\"Connects the future\",\"publisher\":{\"@id\":\"https:\\\/\\\/remoticom.com\\\/nl_nl\\\/#organization\"},\"potentialAction\":[{\"@type\":\"SearchAction\",\"target\":{\"@type\":\"EntryPoint\",\"urlTemplate\":\"https:\\\/\\\/remoticom.com\\\/nl_nl\\\/?s={search_term_string}\"},\"query-input\":{\"@type\":\"PropertyValueSpecification\",\"valueRequired\":true,\"valueName\":\"search_term_string\"}}],\"inLanguage\":\"de\"},{\"@type\":\"Organization\",\"@id\":\"https:\\\/\\\/remoticom.com\\\/nl_nl\\\/#organization\",\"name\":\"Remoticom\",\"url\":\"https:\\\/\\\/remoticom.com\\\/nl_nl\\\/\",\"logo\":{\"@type\":\"ImageObject\",\"inLanguage\":\"de\",\"@id\":\"https:\\\/\\\/remoticom.com\\\/nl_nl\\\/#\\\/schema\\\/logo\\\/image\\\/\",\"url\":\"https:\\\/\\\/remoticom.com\\\/wp-content\\\/uploads\\\/2024\\\/09\\\/Logo_Remoticom.png\",\"contentUrl\":\"https:\\\/\\\/remoticom.com\\\/wp-content\\\/uploads\\\/2024\\\/09\\\/Logo_Remoticom.png\",\"width\":22889,\"height\":10145,\"caption\":\"Remoticom\"},\"image\":{\"@id\":\"https:\\\/\\\/remoticom.com\\\/nl_nl\\\/#\\\/schema\\\/logo\\\/image\\\/\"},\"sameAs\":[\"https:\\\/\\\/www.instagram.com\\\/remoticom\\\/\",\"https:\\\/\\\/www.linkedin.com\\\/company\\\/remoticom-bv\"]}]}<\/script>\n<!-- \/ Yoast SEO plugin. -->","yoast_head_json":{"title":"EnergyNode Link - Remoticom","robots":{"index":"index","follow":"follow","max-snippet":"max-snippet:-1","max-image-preview":"max-image-preview:large","max-video-preview":"max-video-preview:-1"},"canonical":"https:\/\/remoticom.com\/de\/produkt\/energynode-link\/","og_locale":"de_DE","og_type":"article","og_title":"EnergyNode Link - Remoticom","og_description":"De EnergyNode Link is gelijkaardig aan onze EnergyNode Motion. Deze worden dan ook samen gebruikt om te zorgen voor een optimale en energiebesparende lichtcontrole. Er wordt een EnergyNode Motion geplaatst die beschikt over een detectivesensor (PIR), die bewegingen opneemt en doorgeeft aan EnergyNode Link sensoren. De EnergyNode Link beschikt niet over PIR en is dan ook afhankelijk van de EnergyNode Motion voor de controle van het licht. Neemt de ZMS200 een beweging waar, dan zendt deze een signaal naar de opeenvolgende EnergyNode Link sensoren. Deze krijgen een melding dat er een bewegend object onderweg is, waardoor het licht automatisch zal aangaan voor het volledige pad.","og_url":"https:\/\/remoticom.com\/de\/produkt\/energynode-link\/","og_site_name":"Remoticom","article_modified_time":"2025-05-16T13:24:02+00:00","og_image":[{"width":1000,"height":1000,"url":"https:\/\/remoticom.com\/wp-content\/uploads\/2023\/01\/EnergyNodeLink-website-1.png","type":"image\/png"}],"twitter_card":"summary_large_image","twitter_misc":{"Gesch\u00e4tzte Lesezeit":"1\u00a0Minute"},"schema":{"@context":"https:\/\/schema.org","@graph":[{"@type":"WebPage","@id":"https:\/\/remoticom.com\/product\/energynode-link\/","url":"https:\/\/remoticom.com\/product\/energynode-link\/","name":"EnergyNode Link - Remoticom","isPartOf":{"@id":"https:\/\/remoticom.com\/nl_nl\/#website"},"primaryImageOfPage":{"@id":"https:\/\/remoticom.com\/product\/energynode-link\/#primaryimage"},"image":{"@id":"https:\/\/remoticom.com\/product\/energynode-link\/#primaryimage"},"thumbnailUrl":"https:\/\/remoticom.com\/wp-content\/uploads\/2023\/01\/EnergyNodeLink-website-1.png","datePublished":"2023-01-25T14:59:53+00:00","dateModified":"2025-05-16T13:24:02+00:00","breadcrumb":{"@id":"https:\/\/remoticom.com\/product\/energynode-link\/#breadcrumb"},"inLanguage":"de","potentialAction":[{"@type":"ReadAction","target":["https:\/\/remoticom.com\/product\/energynode-link\/"]}]},{"@type":"ImageObject","inLanguage":"de","@id":"https:\/\/remoticom.com\/product\/energynode-link\/#primaryimage","url":"https:\/\/remoticom.com\/wp-content\/uploads\/2023\/01\/EnergyNodeLink-website-1.png","contentUrl":"https:\/\/remoticom.com\/wp-content\/uploads\/2023\/01\/EnergyNodeLink-website-1.png","width":1000,"height":1000},{"@type":"BreadcrumbList","@id":"https:\/\/remoticom.com\/product\/energynode-link\/#breadcrumb","itemListElement":[{"@type":"ListItem","position":1,"name":"Home","item":"https:\/\/remoticom.com\/"},{"@type":"ListItem","position":2,"name":"Producten","item":"https:\/\/remoticom.com\/en\/producten\/"},{"@type":"ListItem","position":3,"name":"EnergyNode Link"}]},{"@type":"WebSite","@id":"https:\/\/remoticom.com\/nl_nl\/#website","url":"https:\/\/remoticom.com\/nl_nl\/","name":"Remoticom","description":"Verbindet die Zukunft","publisher":{"@id":"https:\/\/remoticom.com\/nl_nl\/#organization"},"potentialAction":[{"@type":"SearchAction","target":{"@type":"EntryPoint","urlTemplate":"https:\/\/remoticom.com\/nl_nl\/?s={search_term_string}"},"query-input":{"@type":"PropertyValueSpecification","valueRequired":true,"valueName":"search_term_string"}}],"inLanguage":"de"},{"@type":"Organization","@id":"https:\/\/remoticom.com\/nl_nl\/#organization","name":"Remoticom","url":"https:\/\/remoticom.com\/nl_nl\/","logo":{"@type":"ImageObject","inLanguage":"de","@id":"https:\/\/remoticom.com\/nl_nl\/#\/schema\/logo\/image\/","url":"https:\/\/remoticom.com\/wp-content\/uploads\/2024\/09\/Logo_Remoticom.png","contentUrl":"https:\/\/remoticom.com\/wp-content\/uploads\/2024\/09\/Logo_Remoticom.png","width":22889,"height":10145,"caption":"Remoticom"},"image":{"@id":"https:\/\/remoticom.com\/nl_nl\/#\/schema\/logo\/image\/"},"sameAs":["https:\/\/www.instagram.com\/remoticom\/","https:\/\/www.linkedin.com\/company\/remoticom-bv"]}]}},"_links":{"self":[{"href":"https:\/\/remoticom.com\/de\/wp-json\/wp\/v2\/product\/13036","targetHints":{"allow":["GET"]}}],"collection":[{"href":"https:\/\/remoticom.com\/de\/wp-json\/wp\/v2\/product"}],"about":[{"href":"https:\/\/remoticom.com\/de\/wp-json\/wp\/v2\/types\/product"}],"wp:featuredmedia":[{"embeddable":true,"href":"https:\/\/remoticom.com\/de\/wp-json\/wp\/v2\/media\/14718"}],"wp:attachment":[{"href":"https:\/\/remoticom.com\/de\/wp-json\/wp\/v2\/media?parent=13036"}],"wp:term":[{"taxonomy":"product_brand","embeddable":true,"href":"https:\/\/remoticom.com\/de\/wp-json\/wp\/v2\/product_brand?post=13036"},{"taxonomy":"product_cat","embeddable":true,"href":"https:\/\/remoticom.com\/de\/wp-json\/wp\/v2\/product_cat?post=13036"},{"taxonomy":"product_tag","embeddable":true,"href":"https:\/\/remoticom.com\/de\/wp-json\/wp\/v2\/product_tag?post=13036"}],"curies":[{"name":"wp","href":"https:\/\/api.w.org\/{rel}","templated":true}]}}