 {"id":13038,"date":"2023-01-25T15:05:18","date_gmt":"2023-01-25T15:05:18","guid":{"rendered":"https:\/\/remoticom.com\/?post_type=product&#038;p=13038"},"modified":"2025-09-30T07:58:32","modified_gmt":"2025-09-30T07:58:32","slug":"zsc200","status":"publish","type":"product","link":"https:\/\/remoticom.com\/de\/produkt\/zsc200\/","title":{"rendered":"Zhaga Smart Controller 200"},"content":{"rendered":"<p>\u2022 Nachhaltige, energie- und kostensparende L\u00f6sung<\/p>\n<p>\u2022 NB-IoT\/LTE-M zellul\u00e4re Kommunikation<\/p>\n<p>\u2022 Bluetooth mesh 1.1<\/p>\n<p>\u2022 GPS<\/p>\n<p>\u2022 Neigungserkennung<\/p>\n<p>\u2022 Umgebungslichtsensor (optional)<\/p>\n<p>\u2022 Provider-Selbstwahl durch mitgelieferten SIM-Chip oder Nano-SIM-Kartenhalter<\/p>\n<p>\u2022 Fernaktualisierung von Ger\u00e4ten<\/p>\n<p>\u2022 Erweiterte D4i-\u00dcberwachung, Diagnose und Wartungsdaten<\/p>\n<p>\u2022 Konfigurierbare Dimmschemata<\/p>\n<p>\u2022 Plug-and-Play-System<\/p>\n<p>\u2022 Kompakte Abmessungen<\/p>\n<p>\u2022 Sonnenaufgangs- und Umgebungslichtfilter f\u00fcr intelligente Lichtsteuerung<\/p>\n<p>\u2022 Steuert bis zu 4 Fahrer<\/p>\n<p>\u2022 Unterst\u00fctzt D4i-Bewegungssensoren<\/p>\n<p>\u2022 DALI D4i<\/p>","protected":false},"excerpt":{"rendered":"<p class=\"p1\">Remoticom Zhaga Smart Controller 200 series zijn de meest geavanceerde producten in onze Zhaga Smart Controller familie. Het heeft een GPS, kantelsensor, omgevingslichtsensor, Bluetooth mesh en ondersteunt de DALI D4i standaard.\u00a0 Zhaga Smart Controller 200 is uitgerust met een SIM-chip (MFF2-type) en een nano SIM-kaarthouder, zodat de eindgebruiker de NB-IoT\/LTE-M-provider kan kiezen. Met behulp van het Lightweight Machine to Machine (LwM2M protocol) kunnen de \u00a0Zhaga Smart Controller 200 en andere apparaten op de DALI-bus worden gemonitord en geconfigureerd. De Zhaga Smart Controller 200 kan tot 4 LED-drivers aansturen (DALI Control Gear) en aan elke driver een dimschema toewijzen. De \u00a0Zhaga Smart Controller 200 kan ook reageren op D4i bewegingssensoren en het licht schakelen wanneer beweging wordt gedetecteerd.<\/p>\n<p>De Zhaga Smart Controller\u00a0200 kan automatisch een melding versturen naar de LwM2M server wanneer er een fout wordt gedetecteerd, zoals wanneer de lamp kortsluiting heeft, de driver oververhit raakt of de straatlantaarn is gekanteld. De Zhaga Smart Controller 200 wordt bestuurd door een door de gebruiker te selecteren apparaatbeheersysteem. Met Remoticoms dimmodule kan de gebruiker dimschema\u2019s en -sc\u00e8nes maken. De gebruiker kan een aangepast lichtplan specificeren met een fijnkorrelige aanpak, zoals het specificeren van weekdagplanning, vakantieplanning en andere gebeurtenissen. De operator cre\u00ebert sc\u00e8nes en geeft aan wanneer deze sc\u00e8nes worden verwerkt. Hij kan weekdagen, feestdagen en\/of andere terugkerende\/niet terugkerende gebeurtenissen opgeven.<\/p>\n<p>Met de overschrijfmodus van de Zhaga Smart Controller 200 kan het lichtniveau van elke specifieke bestuurder eenvoudig worden gewijzigd in geval van nood. De ingebouwde kanteldetectie kan worden gebruikt om de kanteling van de armatuur te controleren. De Zhaga Smart Controller 200 kan automatisch een melding geven wanneer een armatuur de ingestelde kanteldrempel overschrijdt.<\/p>\n<p>De Zhaga Smart Controller 200 ondersteunt een zonsopgang- en een omgevingslichtfiltermodus. Wanneer de zonsopgangfilter is ingeschakeld, worden de tijden van zonsopgang en zonsondergang berekend op basis van de datum en locatie. Overdag wordt het licht uitgeschakeld. Als de omgevingslichtfilter is ingeschakeld, wordt het licht automatisch uitgeschakeld als de zon opkomt. Anders werkt de lamp weer normaal. De filtermodus kan voor elke LED-driver afzonderlijk worden geconfigureerd.<\/p>\n<p>Wanneer de Zhaga Smart Controller 200 een trigger ontvangt van een D4i-bewegingssensor, zoals de Remoticom EnergyNode Motion, wordt het licht op een bepaald lichtniveau ingesteld voor de duur van de wachttijd.<\/p>","protected":false},"featured_media":14717,"template":"","meta":{"_acf_changed":false,"site-sidebar-layout":"default","site-content-layout":"default","ast-site-content-layout":"default","site-content-style":"default","site-sidebar-style":"default","ast-global-header-display":"","ast-banner-title-visibility":"","ast-main-header-display":"","ast-hfb-above-header-display":"","ast-hfb-below-header-display":"","ast-hfb-mobile-header-display":"","site-post-title":"","ast-breadcrumbs-content":"","ast-featured-img":"","footer-sml-layout":"","ast-disable-related-posts":"","theme-transparent-header-meta":"default","adv-header-id-meta":"","stick-header-meta":"","header-above-stick-meta":"","header-main-stick-meta":"","header-below-stick-meta":"","astra-migrate-meta-layouts":"set","ast-page-background-enabled":"default","ast-page-background-meta":{"desktop":{"background-color":"","background-image":"","background-repeat":"repeat","background-position":"center center","background-size":"auto","background-attachment":"scroll","background-type":"","background-media":"","overlay-type":"","overlay-color":"","overlay-opacity":"","overlay-gradient":""},"tablet":{"background-color":"","background-image":"","background-repeat":"repeat","background-position":"center center","background-size":"auto","background-attachment":"scroll","background-type":"","background-media":"","overlay-type":"","overlay-color":"","overlay-opacity":"","overlay-gradient":""},"mobile":{"background-color":"","background-image":"","background-repeat":"repeat","background-position":"center center","background-size":"auto","background-attachment":"scroll","background-type":"","background-media":"","overlay-type":"","overlay-color":"","overlay-opacity":"","overlay-gradient":""}},"ast-content-background-meta":{"desktop":{"background-color":"var(--ast-global-color-5)","background-image":"","background-repeat":"repeat","background-position":"center center","background-size":"auto","background-attachment":"scroll","background-type":"","background-media":"","overlay-type":"","overlay-color":"","overlay-opacity":"","overlay-gradient":""},"tablet":{"background-color":"var(--ast-global-color-5)","background-image":"","background-repeat":"repeat","background-position":"center center","background-size":"auto","background-attachment":"scroll","background-type":"","background-media":"","overlay-type":"","overlay-color":"","overlay-opacity":"","overlay-gradient":""},"mobile":{"background-color":"var(--ast-global-color-5)","background-image":"","background-repeat":"repeat","background-position":"center center","background-size":"auto","background-attachment":"scroll","background-type":"","background-media":"","overlay-type":"","overlay-color":"","overlay-opacity":"","overlay-gradient":""}}},"product_brand":[],"product_cat":[255,195,198,197,34,36],"product_tag":[],"class_list":{"0":"post-13038","1":"product","2":"type-product","3":"status-publish","4":"has-post-thumbnail","6":"product_cat-buiten-verlichting","7":"product_cat-connect","8":"product_cat-controlling","9":"product_cat-monitoren","10":"product_cat-smart-lighting","11":"product_cat-zhaga","12":"desktop-align-left","13":"tablet-align-left","14":"mobile-align-left","16":"first","17":"instock","18":"shipping-taxable","19":"product-type-simple"},"acf":[],"yoast_head":"<!-- This site is optimized with the Yoast SEO plugin v27.4 - https:\/\/yoast.com\/product\/yoast-seo-wordpress\/ -->\n<title>Zhaga Smart Controller 200 - Remoticom<\/title>\n<meta name=\"robots\" content=\"index, follow, max-snippet:-1, max-image-preview:large, max-video-preview:-1\" \/>\n<link rel=\"canonical\" href=\"https:\/\/remoticom.com\/de\/produkt\/zsc200\/\" \/>\n<meta property=\"og:locale\" content=\"de_DE\" \/>\n<meta property=\"og:type\" content=\"article\" \/>\n<meta property=\"og:title\" content=\"Zhaga Smart Controller 200 - Remoticom\" \/>\n<meta property=\"og:description\" content=\"Remoticom Zhaga Smart Controller 200 series zijn de meest geavanceerde producten in onze Zhaga Smart Controller familie. Het heeft een GPS, kantelsensor, omgevingslichtsensor, Bluetooth mesh en ondersteunt de DALI D4i standaard.\u00a0 Zhaga Smart Controller 200 is uitgerust met een SIM-chip (MFF2-type) en een nano SIM-kaarthouder, zodat de eindgebruiker de NB-IoT\/LTE-M-provider kan kiezen. Met behulp van het Lightweight Machine to Machine (LwM2M protocol) kunnen de \u00a0Zhaga Smart Controller 200 en andere apparaten op de DALI-bus worden gemonitord en geconfigureerd. De Zhaga Smart Controller 200 kan tot 4 LED-drivers aansturen (DALI Control Gear) en aan elke driver een dimschema toewijzen. De \u00a0Zhaga Smart Controller 200 kan ook reageren op D4i bewegingssensoren en het licht schakelen wanneer beweging wordt gedetecteerd. De Zhaga Smart Controller\u00a0200 kan automatisch een melding versturen naar de LwM2M server wanneer er een fout wordt gedetecteerd, zoals wanneer de lamp kortsluiting heeft, de driver oververhit raakt of de straatlantaarn is gekanteld. De Zhaga Smart Controller 200 wordt bestuurd door een door de gebruiker te selecteren apparaatbeheersysteem. Met Remoticoms dimmodule kan de gebruiker dimschema\u2019s en -sc\u00e8nes maken. De gebruiker kan een aangepast lichtplan specificeren met een fijnkorrelige aanpak, zoals het specificeren van weekdagplanning, vakantieplanning en andere gebeurtenissen. De operator cre\u00ebert sc\u00e8nes en geeft aan wanneer deze sc\u00e8nes worden verwerkt. Hij kan weekdagen, feestdagen en\/of andere terugkerende\/niet terugkerende gebeurtenissen opgeven.  Met de overschrijfmodus van de Zhaga Smart Controller 200 kan het lichtniveau van elke specifieke bestuurder eenvoudig worden gewijzigd in geval van nood. De ingebouwde kanteldetectie kan worden gebruikt om de kanteling van de armatuur te controleren. De Zhaga Smart Controller 200 kan automatisch een melding geven wanneer een armatuur de ingestelde kanteldrempel overschrijdt.  De Zhaga Smart Controller 200 ondersteunt een zonsopgang- en een omgevingslichtfiltermodus. Wanneer de zonsopgangfilter is ingeschakeld, worden de tijden van zonsopgang en zonsondergang berekend op basis van de datum en locatie. Overdag wordt het licht uitgeschakeld. Als de omgevingslichtfilter is ingeschakeld, wordt het licht automatisch uitgeschakeld als de zon opkomt. Anders werkt de lamp weer normaal. De filtermodus kan voor elke LED-driver afzonderlijk worden geconfigureerd.  Wanneer de Zhaga Smart Controller 200 een trigger ontvangt van een D4i-bewegingssensor, zoals de Remoticom EnergyNode Motion, wordt het licht op een bepaald lichtniveau ingesteld voor de duur van de wachttijd.\" \/>\n<meta property=\"og:url\" content=\"https:\/\/remoticom.com\/de\/produkt\/zsc200\/\" \/>\n<meta property=\"og:site_name\" content=\"Remoticom\" \/>\n<meta property=\"article:modified_time\" content=\"2025-09-30T07:58:32+00:00\" \/>\n<meta property=\"og:image\" content=\"https:\/\/remoticom.com\/wp-content\/uploads\/2023\/01\/CloudGateZhaga160-website-1-1.png\" \/>\n\t<meta property=\"og:image:width\" content=\"1000\" \/>\n\t<meta property=\"og:image:height\" content=\"1000\" \/>\n\t<meta property=\"og:image:type\" content=\"image\/png\" \/>\n<meta name=\"twitter:card\" content=\"summary_large_image\" \/>\n<meta name=\"twitter:label1\" content=\"Gesch\u00e4tzte Lesezeit\" \/>\n\t<meta name=\"twitter:data1\" content=\"1\u00a0Minute\" \/>\n<script type=\"application\/ld+json\" class=\"yoast-schema-graph\">{\"@context\":\"https:\\\/\\\/schema.org\",\"@graph\":[{\"@type\":\"WebPage\",\"@id\":\"https:\\\/\\\/remoticom.com\\\/product\\\/zsc200\\\/\",\"url\":\"https:\\\/\\\/remoticom.com\\\/product\\\/zsc200\\\/\",\"name\":\"Zhaga Smart Controller 200 - Remoticom\",\"isPartOf\":{\"@id\":\"https:\\\/\\\/remoticom.com\\\/nl_nl\\\/#website\"},\"primaryImageOfPage\":{\"@id\":\"https:\\\/\\\/remoticom.com\\\/product\\\/zsc200\\\/#primaryimage\"},\"image\":{\"@id\":\"https:\\\/\\\/remoticom.com\\\/product\\\/zsc200\\\/#primaryimage\"},\"thumbnailUrl\":\"https:\\\/\\\/remoticom.com\\\/wp-content\\\/uploads\\\/2023\\\/01\\\/CloudGateZhaga160-website-1-1.png\",\"datePublished\":\"2023-01-25T15:05:18+00:00\",\"dateModified\":\"2025-09-30T07:58:32+00:00\",\"breadcrumb\":{\"@id\":\"https:\\\/\\\/remoticom.com\\\/product\\\/zsc200\\\/#breadcrumb\"},\"inLanguage\":\"de\",\"potentialAction\":[{\"@type\":\"ReadAction\",\"target\":[\"https:\\\/\\\/remoticom.com\\\/product\\\/zsc200\\\/\"]}]},{\"@type\":\"ImageObject\",\"inLanguage\":\"de\",\"@id\":\"https:\\\/\\\/remoticom.com\\\/product\\\/zsc200\\\/#primaryimage\",\"url\":\"https:\\\/\\\/remoticom.com\\\/wp-content\\\/uploads\\\/2023\\\/01\\\/CloudGateZhaga160-website-1-1.png\",\"contentUrl\":\"https:\\\/\\\/remoticom.com\\\/wp-content\\\/uploads\\\/2023\\\/01\\\/CloudGateZhaga160-website-1-1.png\",\"width\":1000,\"height\":1000},{\"@type\":\"BreadcrumbList\",\"@id\":\"https:\\\/\\\/remoticom.com\\\/product\\\/zsc200\\\/#breadcrumb\",\"itemListElement\":[{\"@type\":\"ListItem\",\"position\":1,\"name\":\"Home\",\"item\":\"https:\\\/\\\/remoticom.com\\\/\"},{\"@type\":\"ListItem\",\"position\":2,\"name\":\"Producten\",\"item\":\"https:\\\/\\\/remoticom.com\\\/en\\\/producten\\\/\"},{\"@type\":\"ListItem\",\"position\":3,\"name\":\"Zhaga Smart Controller 200\"}]},{\"@type\":\"WebSite\",\"@id\":\"https:\\\/\\\/remoticom.com\\\/nl_nl\\\/#website\",\"url\":\"https:\\\/\\\/remoticom.com\\\/nl_nl\\\/\",\"name\":\"Remoticom\",\"description\":\"Connects the future\",\"publisher\":{\"@id\":\"https:\\\/\\\/remoticom.com\\\/nl_nl\\\/#organization\"},\"potentialAction\":[{\"@type\":\"SearchAction\",\"target\":{\"@type\":\"EntryPoint\",\"urlTemplate\":\"https:\\\/\\\/remoticom.com\\\/nl_nl\\\/?s={search_term_string}\"},\"query-input\":{\"@type\":\"PropertyValueSpecification\",\"valueRequired\":true,\"valueName\":\"search_term_string\"}}],\"inLanguage\":\"de\"},{\"@type\":\"Organization\",\"@id\":\"https:\\\/\\\/remoticom.com\\\/nl_nl\\\/#organization\",\"name\":\"Remoticom\",\"url\":\"https:\\\/\\\/remoticom.com\\\/nl_nl\\\/\",\"logo\":{\"@type\":\"ImageObject\",\"inLanguage\":\"de\",\"@id\":\"https:\\\/\\\/remoticom.com\\\/nl_nl\\\/#\\\/schema\\\/logo\\\/image\\\/\",\"url\":\"https:\\\/\\\/remoticom.com\\\/wp-content\\\/uploads\\\/2024\\\/09\\\/Logo_Remoticom.png\",\"contentUrl\":\"https:\\\/\\\/remoticom.com\\\/wp-content\\\/uploads\\\/2024\\\/09\\\/Logo_Remoticom.png\",\"width\":22889,\"height\":10145,\"caption\":\"Remoticom\"},\"image\":{\"@id\":\"https:\\\/\\\/remoticom.com\\\/nl_nl\\\/#\\\/schema\\\/logo\\\/image\\\/\"},\"sameAs\":[\"https:\\\/\\\/www.instagram.com\\\/remoticom\\\/\",\"https:\\\/\\\/www.linkedin.com\\\/company\\\/remoticom-bv\"]}]}<\/script>\n<!-- \/ Yoast SEO plugin. -->","yoast_head_json":{"title":"Zhaga Smart Controller 200 - Remoticom","robots":{"index":"index","follow":"follow","max-snippet":"max-snippet:-1","max-image-preview":"max-image-preview:large","max-video-preview":"max-video-preview:-1"},"canonical":"https:\/\/remoticom.com\/de\/produkt\/zsc200\/","og_locale":"de_DE","og_type":"article","og_title":"Zhaga Smart Controller 200 - Remoticom","og_description":"Remoticom Zhaga Smart Controller 200 series zijn de meest geavanceerde producten in onze Zhaga Smart Controller familie. Het heeft een GPS, kantelsensor, omgevingslichtsensor, Bluetooth mesh en ondersteunt de DALI D4i standaard.\u00a0 Zhaga Smart Controller 200 is uitgerust met een SIM-chip (MFF2-type) en een nano SIM-kaarthouder, zodat de eindgebruiker de NB-IoT\/LTE-M-provider kan kiezen. Met behulp van het Lightweight Machine to Machine (LwM2M protocol) kunnen de \u00a0Zhaga Smart Controller 200 en andere apparaten op de DALI-bus worden gemonitord en geconfigureerd. De Zhaga Smart Controller 200 kan tot 4 LED-drivers aansturen (DALI Control Gear) en aan elke driver een dimschema toewijzen. De \u00a0Zhaga Smart Controller 200 kan ook reageren op D4i bewegingssensoren en het licht schakelen wanneer beweging wordt gedetecteerd. De Zhaga Smart Controller\u00a0200 kan automatisch een melding versturen naar de LwM2M server wanneer er een fout wordt gedetecteerd, zoals wanneer de lamp kortsluiting heeft, de driver oververhit raakt of de straatlantaarn is gekanteld. De Zhaga Smart Controller 200 wordt bestuurd door een door de gebruiker te selecteren apparaatbeheersysteem. Met Remoticoms dimmodule kan de gebruiker dimschema\u2019s en -sc\u00e8nes maken. De gebruiker kan een aangepast lichtplan specificeren met een fijnkorrelige aanpak, zoals het specificeren van weekdagplanning, vakantieplanning en andere gebeurtenissen. De operator cre\u00ebert sc\u00e8nes en geeft aan wanneer deze sc\u00e8nes worden verwerkt. Hij kan weekdagen, feestdagen en\/of andere terugkerende\/niet terugkerende gebeurtenissen opgeven.  Met de overschrijfmodus van de Zhaga Smart Controller 200 kan het lichtniveau van elke specifieke bestuurder eenvoudig worden gewijzigd in geval van nood. De ingebouwde kanteldetectie kan worden gebruikt om de kanteling van de armatuur te controleren. De Zhaga Smart Controller 200 kan automatisch een melding geven wanneer een armatuur de ingestelde kanteldrempel overschrijdt.  De Zhaga Smart Controller 200 ondersteunt een zonsopgang- en een omgevingslichtfiltermodus. Wanneer de zonsopgangfilter is ingeschakeld, worden de tijden van zonsopgang en zonsondergang berekend op basis van de datum en locatie. Overdag wordt het licht uitgeschakeld. Als de omgevingslichtfilter is ingeschakeld, wordt het licht automatisch uitgeschakeld als de zon opkomt. Anders werkt de lamp weer normaal. De filtermodus kan voor elke LED-driver afzonderlijk worden geconfigureerd.  Wanneer de Zhaga Smart Controller 200 een trigger ontvangt van een D4i-bewegingssensor, zoals de Remoticom EnergyNode Motion, wordt het licht op een bepaald lichtniveau ingesteld voor de duur van de wachttijd.","og_url":"https:\/\/remoticom.com\/de\/produkt\/zsc200\/","og_site_name":"Remoticom","article_modified_time":"2025-09-30T07:58:32+00:00","og_image":[{"width":1000,"height":1000,"url":"https:\/\/remoticom.com\/wp-content\/uploads\/2023\/01\/CloudGateZhaga160-website-1-1.png","type":"image\/png"}],"twitter_card":"summary_large_image","twitter_misc":{"Gesch\u00e4tzte Lesezeit":"1\u00a0Minute"},"schema":{"@context":"https:\/\/schema.org","@graph":[{"@type":"WebPage","@id":"https:\/\/remoticom.com\/product\/zsc200\/","url":"https:\/\/remoticom.com\/product\/zsc200\/","name":"Zhaga Smart Controller 200 - Remoticom","isPartOf":{"@id":"https:\/\/remoticom.com\/nl_nl\/#website"},"primaryImageOfPage":{"@id":"https:\/\/remoticom.com\/product\/zsc200\/#primaryimage"},"image":{"@id":"https:\/\/remoticom.com\/product\/zsc200\/#primaryimage"},"thumbnailUrl":"https:\/\/remoticom.com\/wp-content\/uploads\/2023\/01\/CloudGateZhaga160-website-1-1.png","datePublished":"2023-01-25T15:05:18+00:00","dateModified":"2025-09-30T07:58:32+00:00","breadcrumb":{"@id":"https:\/\/remoticom.com\/product\/zsc200\/#breadcrumb"},"inLanguage":"de","potentialAction":[{"@type":"ReadAction","target":["https:\/\/remoticom.com\/product\/zsc200\/"]}]},{"@type":"ImageObject","inLanguage":"de","@id":"https:\/\/remoticom.com\/product\/zsc200\/#primaryimage","url":"https:\/\/remoticom.com\/wp-content\/uploads\/2023\/01\/CloudGateZhaga160-website-1-1.png","contentUrl":"https:\/\/remoticom.com\/wp-content\/uploads\/2023\/01\/CloudGateZhaga160-website-1-1.png","width":1000,"height":1000},{"@type":"BreadcrumbList","@id":"https:\/\/remoticom.com\/product\/zsc200\/#breadcrumb","itemListElement":[{"@type":"ListItem","position":1,"name":"Home","item":"https:\/\/remoticom.com\/"},{"@type":"ListItem","position":2,"name":"Producten","item":"https:\/\/remoticom.com\/en\/producten\/"},{"@type":"ListItem","position":3,"name":"Zhaga Smart Controller 200"}]},{"@type":"WebSite","@id":"https:\/\/remoticom.com\/nl_nl\/#website","url":"https:\/\/remoticom.com\/nl_nl\/","name":"Remoticom","description":"Verbindet die Zukunft","publisher":{"@id":"https:\/\/remoticom.com\/nl_nl\/#organization"},"potentialAction":[{"@type":"SearchAction","target":{"@type":"EntryPoint","urlTemplate":"https:\/\/remoticom.com\/nl_nl\/?s={search_term_string}"},"query-input":{"@type":"PropertyValueSpecification","valueRequired":true,"valueName":"search_term_string"}}],"inLanguage":"de"},{"@type":"Organization","@id":"https:\/\/remoticom.com\/nl_nl\/#organization","name":"Remoticom","url":"https:\/\/remoticom.com\/nl_nl\/","logo":{"@type":"ImageObject","inLanguage":"de","@id":"https:\/\/remoticom.com\/nl_nl\/#\/schema\/logo\/image\/","url":"https:\/\/remoticom.com\/wp-content\/uploads\/2024\/09\/Logo_Remoticom.png","contentUrl":"https:\/\/remoticom.com\/wp-content\/uploads\/2024\/09\/Logo_Remoticom.png","width":22889,"height":10145,"caption":"Remoticom"},"image":{"@id":"https:\/\/remoticom.com\/nl_nl\/#\/schema\/logo\/image\/"},"sameAs":["https:\/\/www.instagram.com\/remoticom\/","https:\/\/www.linkedin.com\/company\/remoticom-bv"]}]}},"_links":{"self":[{"href":"https:\/\/remoticom.com\/de\/wp-json\/wp\/v2\/product\/13038","targetHints":{"allow":["GET"]}}],"collection":[{"href":"https:\/\/remoticom.com\/de\/wp-json\/wp\/v2\/product"}],"about":[{"href":"https:\/\/remoticom.com\/de\/wp-json\/wp\/v2\/types\/product"}],"wp:featuredmedia":[{"embeddable":true,"href":"https:\/\/remoticom.com\/de\/wp-json\/wp\/v2\/media\/14717"}],"wp:attachment":[{"href":"https:\/\/remoticom.com\/de\/wp-json\/wp\/v2\/media?parent=13038"}],"wp:term":[{"taxonomy":"product_brand","embeddable":true,"href":"https:\/\/remoticom.com\/de\/wp-json\/wp\/v2\/product_brand?post=13038"},{"taxonomy":"product_cat","embeddable":true,"href":"https:\/\/remoticom.com\/de\/wp-json\/wp\/v2\/product_cat?post=13038"},{"taxonomy":"product_tag","embeddable":true,"href":"https:\/\/remoticom.com\/de\/wp-json\/wp\/v2\/product_tag?post=13038"}],"curies":[{"name":"wp","href":"https:\/\/api.w.org\/{rel}","templated":true}]}}