 {"id":13043,"date":"2023-01-25T15:26:09","date_gmt":"2023-01-25T15:26:09","guid":{"rendered":"https:\/\/remoticom.com\/?post_type=product&#038;p=13043"},"modified":"2025-11-06T13:22:25","modified_gmt":"2025-11-06T13:22:25","slug":"en-energynode-mini","status":"publish","type":"product","link":"https:\/\/remoticom.com\/de\/produkt\/en-energynode-mini\/","title":{"rendered":"EnergyNode Mini"},"content":{"rendered":"<p>\u2022 Bijna onzichtbare installatie in verlichtingsarmatuur achter kunststof of glas<\/p>\n<p>\u2022 Eenvoudige configuratie met DIPschakelaars<\/p>\n<p>\u2022 Een duurzame energiebesparende oplossing<\/p>\n<p>\u2022 Compatibel met DALI, DALI-2 en D4i voor<br \/>\nBus-Stromversorgung<\/p>\n<p>\u2022 Eenvoudige installatie dankzij compacte formaat<\/p>\n<p>\u2022 Schemerschakelaar functionaliteit<\/p>\n<p>\u2022 Bewegingsdetectie tot 8 m*<\/p>","protected":false},"excerpt":{"rendered":"<p>EnergyNode Mini wurde speziell f\u00fcr den Einsatz in \u00f6ffentlichen Bereichen entwickelt, in denen eine kontinuierliche Beleuchtung eine Energieverschwendung darstellt. Um den Energieverbrauch zu optimieren, passt dieser Sensor die Beleuchtung an, indem er nur dann leuchtet, wenn eine Bewegung erkannt wird, und sich nach einer einstellbaren Wartezeit automatisch dimmt. Ideale Einsatzgebiete sind Bereiche wie Treppenh\u00e4user, Flure, Tunnel und Fahrradschuppen, die durch vorbeilaufende Fu\u00dfg\u00e4nger gekennzeichnet sind und eine kontinuierliche Vollbeleuchtung unn\u00f6tig machen.<\/p>\n<p>Der EnergyNode Mini ist ein Modul zur Bewegungserkennung und Lichtsteuerung in Beleuchtungsanlagen. Dieses Modul arbeitet mit DALI, DALI-<br \/>\n2 und D4i und steuert die Lichtleistung in Abh\u00e4ngigkeit von der erkannten Bewegung. Dieser kompakte Sensor arbeitet mit Funkerkennung und -entfernungsmessung sowie einem Lichtsensor.<\/p>\n<p>Der EnergyNode Mini kann mit DIP-Schaltern konfiguriert werden, um Funktionen wie Erkennungsempfindlichkeit, Wartezeit, D\u00e4mmerungssensor, Ruhepegel und den Bewegungssensor zu aktivieren und zu deaktivieren. Diese Konfigurationen bieten die<br \/>\ndie F\u00e4higkeit, die Energieeffizienz, den Komfort und die Sicherheit in beleuchteten R\u00e4umen zu optimieren.<\/p>\n<p>Die einfache Installation in Leuchten, die mit DALI, DALI-2 und D4i f\u00fcr Busstrom ausgestattet sind, unterstreicht seine Vielseitigkeit und Benutzerfreundlichkeit.<\/p>\n<p>Deze milieubewuste oplossing minimaliseert lichtvervuiling en zorgt voor comfort en veiligheid door optimale verlichtingsniveaus alleen te handhaven wanneer ze nodig zijn. De zorgvuldige balans tussen energie-effici\u00ebntie en het welzijn van de gebruiker door een doordachte benadering van moderne verlichtingsoplossingen.<\/p>","protected":false},"featured_media":14448,"template":"","meta":{"_acf_changed":false,"site-sidebar-layout":"default","site-content-layout":"default","ast-site-content-layout":"default","site-content-style":"default","site-sidebar-style":"default","ast-global-header-display":"","ast-banner-title-visibility":"","ast-main-header-display":"","ast-hfb-above-header-display":"","ast-hfb-below-header-display":"","ast-hfb-mobile-header-display":"","site-post-title":"","ast-breadcrumbs-content":"","ast-featured-img":"","footer-sml-layout":"","ast-disable-related-posts":"","theme-transparent-header-meta":"default","adv-header-id-meta":"","stick-header-meta":"","header-above-stick-meta":"","header-main-stick-meta":"","header-below-stick-meta":"","astra-migrate-meta-layouts":"set","ast-page-background-enabled":"default","ast-page-background-meta":{"desktop":{"background-color":"","background-image":"","background-repeat":"repeat","background-position":"center center","background-size":"auto","background-attachment":"scroll","background-type":"","background-media":"","overlay-type":"","overlay-color":"","overlay-opacity":"","overlay-gradient":""},"tablet":{"background-color":"","background-image":"","background-repeat":"repeat","background-position":"center center","background-size":"auto","background-attachment":"scroll","background-type":"","background-media":"","overlay-type":"","overlay-color":"","overlay-opacity":"","overlay-gradient":""},"mobile":{"background-color":"","background-image":"","background-repeat":"repeat","background-position":"center center","background-size":"auto","background-attachment":"scroll","background-type":"","background-media":"","overlay-type":"","overlay-color":"","overlay-opacity":"","overlay-gradient":""}},"ast-content-background-meta":{"desktop":{"background-color":"var(--ast-global-color-5)","background-image":"","background-repeat":"repeat","background-position":"center center","background-size":"auto","background-attachment":"scroll","background-type":"","background-media":"","overlay-type":"","overlay-color":"","overlay-opacity":"","overlay-gradient":""},"tablet":{"background-color":"var(--ast-global-color-5)","background-image":"","background-repeat":"repeat","background-position":"center center","background-size":"auto","background-attachment":"scroll","background-type":"","background-media":"","overlay-type":"","overlay-color":"","overlay-opacity":"","overlay-gradient":""},"mobile":{"background-color":"var(--ast-global-color-5)","background-image":"","background-repeat":"repeat","background-position":"center center","background-size":"auto","background-attachment":"scroll","background-type":"","background-media":"","overlay-type":"","overlay-color":"","overlay-opacity":"","overlay-gradient":""}}},"product_brand":[],"product_cat":[254,209,198,37,206,207,196,35,34,211],"product_tag":[],"class_list":{"0":"post-13043","1":"product","2":"type-product","3":"status-publish","4":"has-post-thumbnail","6":"product_cat-binnen-verlichting","7":"product_cat-controlling-en","8":"product_cat-controlling","9":"product_cat-detectie","10":"product_cat-detection-en","11":"product_cat-downloads-en","12":"product_cat-geen-zhaga","13":"product_cat-lokaal","14":"product_cat-smart-lighting","15":"product_cat-without-zhaga","16":"desktop-align-left","17":"tablet-align-left","18":"mobile-align-left","20":"first","21":"instock","22":"shipping-taxable","23":"product-type-simple"},"acf":[],"yoast_head":"<!-- This site is optimized with the Yoast SEO plugin v27.3 - https:\/\/yoast.com\/product\/yoast-seo-wordpress\/ -->\n<title>EnergyNode Mini - Remoticom<\/title>\n<meta name=\"robots\" content=\"index, follow, max-snippet:-1, max-image-preview:large, max-video-preview:-1\" \/>\n<link rel=\"canonical\" href=\"https:\/\/remoticom.com\/de\/produkt\/en-energynode-mini\/\" \/>\n<meta property=\"og:locale\" content=\"de_DE\" \/>\n<meta property=\"og:type\" content=\"article\" \/>\n<meta property=\"og:title\" content=\"EnergyNode Mini - Remoticom\" \/>\n<meta property=\"og:description\" content=\"EnergyNode Mini is speciaal ontworpen voor gebruik in openbare omgevingen waar continue verlichting energieverspilling is. Om het energieverbruik te optimaliseren, past deze sensor de verlichting aan door alleen te verlichten bij detectie van beweging en automatisch te dimmen na een instelbare wachttijd. Ideale toepassingen zijn gebieden zoals trappenhuizen, gangen, tunnels en fietsenstallingen, gekenmerkt door voorbijgaand voetverkeer, waardoor continue volledige verlichting overbodig is.  De EnergyNode Mini is een module die is ontworpen voor bewegingsdetectie en lichtregeling in verlichtingssystemen. Deze module werkt met DALI-, DALI- 2- en D4i-besturingstoestellen met busvoeding en regelt de lichtuitvoer in reactie op gedetecteerde beweging. Deze compacte sensor maakt gebruik van radiodetectie- en bereiktechnologie en een lichtsensor.  De EnergyNode Mini kan worden geconfigureerd met DIPschakelaars voor het in- en uitschakelen van functies zoals detectiegevoeligheid, wachttijd, schemersensor, rustniveau en de bewegingssensor. Deze configuraties bieden de mogelijkheid om de energie-effici\u00ebntie, het comfort en de veiligheid in verlichte ruimtes te optimaliseren.  De eenvoudige installatie in armaturen die zijn uitgerust met DALI, DALI-2 en D4i voor busvoeding benadrukt de veelzijdigheid en bruikbaarheid.  Deze milieubewuste oplossing minimaliseert lichtvervuiling en zorgt voor comfort en veiligheid door optimale verlichtingsniveaus alleen te handhaven wanneer ze nodig zijn. De zorgvuldige balans tussen energie-effici\u00ebntie en het welzijn van de gebruiker door een doordachte benadering van moderne verlichtingsoplossingen.\" \/>\n<meta property=\"og:url\" content=\"https:\/\/remoticom.com\/de\/produkt\/en-energynode-mini\/\" \/>\n<meta property=\"og:site_name\" content=\"Remoticom\" \/>\n<meta property=\"article:modified_time\" content=\"2025-11-06T13:22:25+00:00\" \/>\n<meta property=\"og:image\" content=\"https:\/\/remoticom.com\/wp-content\/uploads\/2023\/01\/EnergyNode-Mini-2.png\" \/>\n\t<meta property=\"og:image:width\" content=\"4198\" \/>\n\t<meta property=\"og:image:height\" content=\"4198\" \/>\n\t<meta property=\"og:image:type\" content=\"image\/png\" \/>\n<meta name=\"twitter:card\" content=\"summary_large_image\" \/>\n<meta name=\"twitter:label1\" content=\"Gesch\u00e4tzte Lesezeit\" \/>\n\t<meta name=\"twitter:data1\" content=\"1\u00a0Minute\" \/>\n<script type=\"application\/ld+json\" class=\"yoast-schema-graph\">{\"@context\":\"https:\\\/\\\/schema.org\",\"@graph\":[{\"@type\":\"WebPage\",\"@id\":\"https:\\\/\\\/remoticom.com\\\/product\\\/en-energynode-mini\\\/\",\"url\":\"https:\\\/\\\/remoticom.com\\\/product\\\/en-energynode-mini\\\/\",\"name\":\"EnergyNode Mini - Remoticom\",\"isPartOf\":{\"@id\":\"https:\\\/\\\/remoticom.com\\\/nl_nl\\\/#website\"},\"primaryImageOfPage\":{\"@id\":\"https:\\\/\\\/remoticom.com\\\/product\\\/en-energynode-mini\\\/#primaryimage\"},\"image\":{\"@id\":\"https:\\\/\\\/remoticom.com\\\/product\\\/en-energynode-mini\\\/#primaryimage\"},\"thumbnailUrl\":\"https:\\\/\\\/remoticom.com\\\/wp-content\\\/uploads\\\/2023\\\/01\\\/EnergyNode-Mini-2.png\",\"datePublished\":\"2023-01-25T15:26:09+00:00\",\"dateModified\":\"2025-11-06T13:22:25+00:00\",\"breadcrumb\":{\"@id\":\"https:\\\/\\\/remoticom.com\\\/product\\\/en-energynode-mini\\\/#breadcrumb\"},\"inLanguage\":\"de\",\"potentialAction\":[{\"@type\":\"ReadAction\",\"target\":[\"https:\\\/\\\/remoticom.com\\\/product\\\/en-energynode-mini\\\/\"]}]},{\"@type\":\"ImageObject\",\"inLanguage\":\"de\",\"@id\":\"https:\\\/\\\/remoticom.com\\\/product\\\/en-energynode-mini\\\/#primaryimage\",\"url\":\"https:\\\/\\\/remoticom.com\\\/wp-content\\\/uploads\\\/2023\\\/01\\\/EnergyNode-Mini-2.png\",\"contentUrl\":\"https:\\\/\\\/remoticom.com\\\/wp-content\\\/uploads\\\/2023\\\/01\\\/EnergyNode-Mini-2.png\",\"width\":4198,\"height\":4198},{\"@type\":\"BreadcrumbList\",\"@id\":\"https:\\\/\\\/remoticom.com\\\/product\\\/en-energynode-mini\\\/#breadcrumb\",\"itemListElement\":[{\"@type\":\"ListItem\",\"position\":1,\"name\":\"Home\",\"item\":\"https:\\\/\\\/remoticom.com\\\/\"},{\"@type\":\"ListItem\",\"position\":2,\"name\":\"Producten\",\"item\":\"https:\\\/\\\/remoticom.com\\\/en\\\/producten\\\/\"},{\"@type\":\"ListItem\",\"position\":3,\"name\":\"EnergyNode Mini\"}]},{\"@type\":\"WebSite\",\"@id\":\"https:\\\/\\\/remoticom.com\\\/nl_nl\\\/#website\",\"url\":\"https:\\\/\\\/remoticom.com\\\/nl_nl\\\/\",\"name\":\"Remoticom\",\"description\":\"Connects the future\",\"publisher\":{\"@id\":\"https:\\\/\\\/remoticom.com\\\/nl_nl\\\/#organization\"},\"potentialAction\":[{\"@type\":\"SearchAction\",\"target\":{\"@type\":\"EntryPoint\",\"urlTemplate\":\"https:\\\/\\\/remoticom.com\\\/nl_nl\\\/?s={search_term_string}\"},\"query-input\":{\"@type\":\"PropertyValueSpecification\",\"valueRequired\":true,\"valueName\":\"search_term_string\"}}],\"inLanguage\":\"de\"},{\"@type\":\"Organization\",\"@id\":\"https:\\\/\\\/remoticom.com\\\/nl_nl\\\/#organization\",\"name\":\"Remoticom\",\"url\":\"https:\\\/\\\/remoticom.com\\\/nl_nl\\\/\",\"logo\":{\"@type\":\"ImageObject\",\"inLanguage\":\"de\",\"@id\":\"https:\\\/\\\/remoticom.com\\\/nl_nl\\\/#\\\/schema\\\/logo\\\/image\\\/\",\"url\":\"https:\\\/\\\/remoticom.com\\\/wp-content\\\/uploads\\\/2024\\\/09\\\/Logo_Remoticom.png\",\"contentUrl\":\"https:\\\/\\\/remoticom.com\\\/wp-content\\\/uploads\\\/2024\\\/09\\\/Logo_Remoticom.png\",\"width\":22889,\"height\":10145,\"caption\":\"Remoticom\"},\"image\":{\"@id\":\"https:\\\/\\\/remoticom.com\\\/nl_nl\\\/#\\\/schema\\\/logo\\\/image\\\/\"},\"sameAs\":[\"https:\\\/\\\/www.instagram.com\\\/remoticom\\\/\",\"https:\\\/\\\/www.linkedin.com\\\/company\\\/remoticom-bv\"]}]}<\/script>\n<!-- \/ Yoast SEO plugin. -->","yoast_head_json":{"title":"EnergyNode Mini - Remoticom","robots":{"index":"index","follow":"follow","max-snippet":"max-snippet:-1","max-image-preview":"max-image-preview:large","max-video-preview":"max-video-preview:-1"},"canonical":"https:\/\/remoticom.com\/de\/produkt\/en-energynode-mini\/","og_locale":"de_DE","og_type":"article","og_title":"EnergyNode Mini - Remoticom","og_description":"EnergyNode Mini is speciaal ontworpen voor gebruik in openbare omgevingen waar continue verlichting energieverspilling is. Om het energieverbruik te optimaliseren, past deze sensor de verlichting aan door alleen te verlichten bij detectie van beweging en automatisch te dimmen na een instelbare wachttijd. Ideale toepassingen zijn gebieden zoals trappenhuizen, gangen, tunnels en fietsenstallingen, gekenmerkt door voorbijgaand voetverkeer, waardoor continue volledige verlichting overbodig is.  De EnergyNode Mini is een module die is ontworpen voor bewegingsdetectie en lichtregeling in verlichtingssystemen. Deze module werkt met DALI-, DALI- 2- en D4i-besturingstoestellen met busvoeding en regelt de lichtuitvoer in reactie op gedetecteerde beweging. Deze compacte sensor maakt gebruik van radiodetectie- en bereiktechnologie en een lichtsensor.  De EnergyNode Mini kan worden geconfigureerd met DIPschakelaars voor het in- en uitschakelen van functies zoals detectiegevoeligheid, wachttijd, schemersensor, rustniveau en de bewegingssensor. Deze configuraties bieden de mogelijkheid om de energie-effici\u00ebntie, het comfort en de veiligheid in verlichte ruimtes te optimaliseren.  De eenvoudige installatie in armaturen die zijn uitgerust met DALI, DALI-2 en D4i voor busvoeding benadrukt de veelzijdigheid en bruikbaarheid.  Deze milieubewuste oplossing minimaliseert lichtvervuiling en zorgt voor comfort en veiligheid door optimale verlichtingsniveaus alleen te handhaven wanneer ze nodig zijn. De zorgvuldige balans tussen energie-effici\u00ebntie en het welzijn van de gebruiker door een doordachte benadering van moderne verlichtingsoplossingen.","og_url":"https:\/\/remoticom.com\/de\/produkt\/en-energynode-mini\/","og_site_name":"Remoticom","article_modified_time":"2025-11-06T13:22:25+00:00","og_image":[{"width":4198,"height":4198,"url":"https:\/\/remoticom.com\/wp-content\/uploads\/2023\/01\/EnergyNode-Mini-2.png","type":"image\/png"}],"twitter_card":"summary_large_image","twitter_misc":{"Gesch\u00e4tzte Lesezeit":"1\u00a0Minute"},"schema":{"@context":"https:\/\/schema.org","@graph":[{"@type":"WebPage","@id":"https:\/\/remoticom.com\/product\/en-energynode-mini\/","url":"https:\/\/remoticom.com\/product\/en-energynode-mini\/","name":"EnergyNode Mini - Remoticom","isPartOf":{"@id":"https:\/\/remoticom.com\/nl_nl\/#website"},"primaryImageOfPage":{"@id":"https:\/\/remoticom.com\/product\/en-energynode-mini\/#primaryimage"},"image":{"@id":"https:\/\/remoticom.com\/product\/en-energynode-mini\/#primaryimage"},"thumbnailUrl":"https:\/\/remoticom.com\/wp-content\/uploads\/2023\/01\/EnergyNode-Mini-2.png","datePublished":"2023-01-25T15:26:09+00:00","dateModified":"2025-11-06T13:22:25+00:00","breadcrumb":{"@id":"https:\/\/remoticom.com\/product\/en-energynode-mini\/#breadcrumb"},"inLanguage":"de","potentialAction":[{"@type":"ReadAction","target":["https:\/\/remoticom.com\/product\/en-energynode-mini\/"]}]},{"@type":"ImageObject","inLanguage":"de","@id":"https:\/\/remoticom.com\/product\/en-energynode-mini\/#primaryimage","url":"https:\/\/remoticom.com\/wp-content\/uploads\/2023\/01\/EnergyNode-Mini-2.png","contentUrl":"https:\/\/remoticom.com\/wp-content\/uploads\/2023\/01\/EnergyNode-Mini-2.png","width":4198,"height":4198},{"@type":"BreadcrumbList","@id":"https:\/\/remoticom.com\/product\/en-energynode-mini\/#breadcrumb","itemListElement":[{"@type":"ListItem","position":1,"name":"Home","item":"https:\/\/remoticom.com\/"},{"@type":"ListItem","position":2,"name":"Producten","item":"https:\/\/remoticom.com\/en\/producten\/"},{"@type":"ListItem","position":3,"name":"EnergyNode Mini"}]},{"@type":"WebSite","@id":"https:\/\/remoticom.com\/nl_nl\/#website","url":"https:\/\/remoticom.com\/nl_nl\/","name":"Remoticom","description":"Verbindet die Zukunft","publisher":{"@id":"https:\/\/remoticom.com\/nl_nl\/#organization"},"potentialAction":[{"@type":"SearchAction","target":{"@type":"EntryPoint","urlTemplate":"https:\/\/remoticom.com\/nl_nl\/?s={search_term_string}"},"query-input":{"@type":"PropertyValueSpecification","valueRequired":true,"valueName":"search_term_string"}}],"inLanguage":"de"},{"@type":"Organization","@id":"https:\/\/remoticom.com\/nl_nl\/#organization","name":"Remoticom","url":"https:\/\/remoticom.com\/nl_nl\/","logo":{"@type":"ImageObject","inLanguage":"de","@id":"https:\/\/remoticom.com\/nl_nl\/#\/schema\/logo\/image\/","url":"https:\/\/remoticom.com\/wp-content\/uploads\/2024\/09\/Logo_Remoticom.png","contentUrl":"https:\/\/remoticom.com\/wp-content\/uploads\/2024\/09\/Logo_Remoticom.png","width":22889,"height":10145,"caption":"Remoticom"},"image":{"@id":"https:\/\/remoticom.com\/nl_nl\/#\/schema\/logo\/image\/"},"sameAs":["https:\/\/www.instagram.com\/remoticom\/","https:\/\/www.linkedin.com\/company\/remoticom-bv"]}]}},"_links":{"self":[{"href":"https:\/\/remoticom.com\/de\/wp-json\/wp\/v2\/product\/13043","targetHints":{"allow":["GET"]}}],"collection":[{"href":"https:\/\/remoticom.com\/de\/wp-json\/wp\/v2\/product"}],"about":[{"href":"https:\/\/remoticom.com\/de\/wp-json\/wp\/v2\/types\/product"}],"wp:featuredmedia":[{"embeddable":true,"href":"https:\/\/remoticom.com\/de\/wp-json\/wp\/v2\/media\/14448"}],"wp:attachment":[{"href":"https:\/\/remoticom.com\/de\/wp-json\/wp\/v2\/media?parent=13043"}],"wp:term":[{"taxonomy":"product_brand","embeddable":true,"href":"https:\/\/remoticom.com\/de\/wp-json\/wp\/v2\/product_brand?post=13043"},{"taxonomy":"product_cat","embeddable":true,"href":"https:\/\/remoticom.com\/de\/wp-json\/wp\/v2\/product_cat?post=13043"},{"taxonomy":"product_tag","embeddable":true,"href":"https:\/\/remoticom.com\/de\/wp-json\/wp\/v2\/product_tag?post=13043"}],"curies":[{"name":"wp","href":"https:\/\/api.w.org\/{rel}","templated":true}]}}