 {"id":9873,"date":"2021-03-24T09:34:41","date_gmt":"2021-03-24T09:34:41","guid":{"rendered":"https:\/\/remoticom.com\/?post_type=product&#038;p=9873"},"modified":"2024-11-20T16:21:54","modified_gmt":"2024-11-20T16:21:54","slug":"energynode-relay","status":"publish","type":"product","link":"https:\/\/remoticom.com\/de\/produkt\/energynode-relay\/","title":{"rendered":"EnergyNode Relay"},"content":{"rendered":"<p><span class=\"red\">\u2022<\/span> Fernschaltung<\/p>\n<p><span class=\"red\">\u2022<\/span> Montage auf DIN-Schiene<\/p>\n<p><span class=\"red\">\u2022<\/span> Kompakte Bauweise<\/p>\n<p><span class=\"red\">\u2022<\/span> Ausgestattet mit GPS-Antennenanschluss<\/p>\n<p><span class=\"red\">\u2022<\/span> NB-IoT\/2G\/LTE-M Antennenanschluss<\/p>\n<p><span class=\"red\">\u2022<\/span> Offene API zur Verkn\u00fcpfung mit verschiedenen Lichtmanagementsysteme<\/p>\n<p><span class=\"red\">\u2022<\/span> Sicheres MQTT-Protokoll<\/p>\n<p><span class=\"red\">\u2022<\/span> Verstellung pro Minute<\/p>\n<p><span class=\"red\">\u2022<\/span> Winter- und Sommerzeitumstellung<\/p>","protected":false},"excerpt":{"rendered":"<p>Das EnergyNode Relay ist ein 230V-gespeistes Schaltsystem, das \u00fcber NB-IoT\/2G\/LTE-M gesteuert wird und \u00fcber zwei steuerbare Ausg\u00e4nge verf\u00fcgt. Die Einschalt- und Ausschaltzeiten von Ausgang eins und Ausgang zwei k\u00f6nnen getrennt voneinander gesteuert werden. Die vorhandene astronomische Tabelle kann ebenfalls genutzt werden. Das Steuerger\u00e4t speichert die Ortszeit bei Stromausfall dank einer internen Uhr. Das System stellt automatisch eine Verbindung zum GPS her, um Datum und Uhrzeit in Echtzeit zu erhalten. Das EnergyNode Relay verf\u00fcgt \u00fcber eine lokale Steuerung \u00fcber einen Folienschalter und LED-Anzeigen zum Ablesen des aktuellen Status.<\/p>","protected":false},"featured_media":10157,"template":"","meta":{"_acf_changed":false,"site-sidebar-layout":"default","site-content-layout":"default","ast-site-content-layout":"default","site-content-style":"default","site-sidebar-style":"default","ast-global-header-display":"","ast-banner-title-visibility":"","ast-main-header-display":"","ast-hfb-above-header-display":"","ast-hfb-below-header-display":"","ast-hfb-mobile-header-display":"","site-post-title":"","ast-breadcrumbs-content":"","ast-featured-img":"","footer-sml-layout":"","ast-disable-related-posts":"","theme-transparent-header-meta":"default","adv-header-id-meta":"","stick-header-meta":"","header-above-stick-meta":"","header-main-stick-meta":"","header-below-stick-meta":"","astra-migrate-meta-layouts":"default","ast-page-background-enabled":"default","ast-page-background-meta":{"desktop":{"background-color":"","background-image":"","background-repeat":"repeat","background-position":"center center","background-size":"auto","background-attachment":"scroll","background-type":"","background-media":"","overlay-type":"","overlay-color":"","overlay-opacity":"","overlay-gradient":""},"tablet":{"background-color":"","background-image":"","background-repeat":"repeat","background-position":"center center","background-size":"auto","background-attachment":"scroll","background-type":"","background-media":"","overlay-type":"","overlay-color":"","overlay-opacity":"","overlay-gradient":""},"mobile":{"background-color":"","background-image":"","background-repeat":"repeat","background-position":"center center","background-size":"auto","background-attachment":"scroll","background-type":"","background-media":"","overlay-type":"","overlay-color":"","overlay-opacity":"","overlay-gradient":""}},"ast-content-background-meta":{"desktop":{"background-color":"var(--ast-global-color-5)","background-image":"","background-repeat":"repeat","background-position":"center center","background-size":"auto","background-attachment":"scroll","background-type":"","background-media":"","overlay-type":"","overlay-color":"","overlay-opacity":"","overlay-gradient":""},"tablet":{"background-color":"var(--ast-global-color-5)","background-image":"","background-repeat":"repeat","background-position":"center center","background-size":"auto","background-attachment":"scroll","background-type":"","background-media":"","overlay-type":"","overlay-color":"","overlay-opacity":"","overlay-gradient":""},"mobile":{"background-color":"var(--ast-global-color-5)","background-image":"","background-repeat":"repeat","background-position":"center center","background-size":"auto","background-attachment":"scroll","background-type":"","background-media":"","overlay-type":"","overlay-color":"","overlay-opacity":"","overlay-gradient":""}}},"product_brand":[],"product_cat":[255,195,198,201,207,196,34],"product_tag":[],"class_list":{"0":"post-9873","1":"product","2":"type-product","3":"status-publish","4":"has-post-thumbnail","6":"product_cat-buiten-verlichting","7":"product_cat-connect","8":"product_cat-controlling","9":"product_cat-downloads","10":"product_cat-downloads-en","11":"product_cat-geen-zhaga","12":"product_cat-smart-lighting","13":"desktop-align-left","14":"tablet-align-left","15":"mobile-align-left","17":"first","18":"instock","19":"shipping-taxable","20":"product-type-simple"},"acf":[],"yoast_head":"<!-- This site is optimized with the Yoast SEO plugin v27.3 - https:\/\/yoast.com\/product\/yoast-seo-wordpress\/ -->\n<title>EnergyNode Relay - Remoticom<\/title>\n<meta name=\"robots\" content=\"index, follow, max-snippet:-1, max-image-preview:large, max-video-preview:-1\" \/>\n<link rel=\"canonical\" href=\"https:\/\/remoticom.com\/de\/produkt\/energynode-relay\/\" \/>\n<meta property=\"og:locale\" content=\"de_DE\" \/>\n<meta property=\"og:type\" content=\"article\" \/>\n<meta property=\"og:title\" content=\"EnergyNode Relay - Remoticom\" \/>\n<meta property=\"og:description\" content=\"De EnergyNode Relay is een 230V gevoed schakelsysteem dat via NB-IoT\/2G\/LTE-M beheerd en is voorzien van twee bedienbare uitgangen. De aan- en uitschakeltijden van uitgang \u00e9\u00e9n en uitgang twee kunnen afzonderlijk van elkaar worden bediend. Tevens kan er gebruik gemaakt worden van de aanwezige astronomische tabel. De controller onthoudt bij spanningsuitval de lokale tijd dankzij een interne klok. Het systeem maakt automatisch verbinding met GPS om datum en tijdinformatie in real time te verkrijgen. De EnergyNode Relay is voorzien van lokale bediening middels een folieschakelaar en van led indicatoren voor het aflezen van de actuele status.\" \/>\n<meta property=\"og:url\" content=\"https:\/\/remoticom.com\/de\/produkt\/energynode-relay\/\" \/>\n<meta property=\"og:site_name\" content=\"Remoticom\" \/>\n<meta property=\"article:modified_time\" content=\"2024-11-20T16:21:54+00:00\" \/>\n<meta property=\"og:image\" content=\"https:\/\/remoticom.com\/wp-content\/uploads\/2021\/03\/DYNA100-003.jpg\" \/>\n\t<meta property=\"og:image:width\" content=\"1000\" \/>\n\t<meta property=\"og:image:height\" content=\"1000\" \/>\n\t<meta property=\"og:image:type\" content=\"image\/jpeg\" \/>\n<meta name=\"twitter:card\" content=\"summary_large_image\" \/>\n<meta name=\"twitter:label1\" content=\"Gesch\u00e4tzte Lesezeit\" \/>\n\t<meta name=\"twitter:data1\" content=\"1\u00a0Minute\" \/>\n<script type=\"application\/ld+json\" class=\"yoast-schema-graph\">{\"@context\":\"https:\\\/\\\/schema.org\",\"@graph\":[{\"@type\":\"WebPage\",\"@id\":\"https:\\\/\\\/remoticom.com\\\/product\\\/energynode-relay\\\/\",\"url\":\"https:\\\/\\\/remoticom.com\\\/product\\\/energynode-relay\\\/\",\"name\":\"EnergyNode Relay - Remoticom\",\"isPartOf\":{\"@id\":\"https:\\\/\\\/remoticom.com\\\/nl_nl\\\/#website\"},\"primaryImageOfPage\":{\"@id\":\"https:\\\/\\\/remoticom.com\\\/product\\\/energynode-relay\\\/#primaryimage\"},\"image\":{\"@id\":\"https:\\\/\\\/remoticom.com\\\/product\\\/energynode-relay\\\/#primaryimage\"},\"thumbnailUrl\":\"https:\\\/\\\/remoticom.com\\\/wp-content\\\/uploads\\\/2021\\\/03\\\/DYNA100-003.jpg\",\"datePublished\":\"2021-03-24T09:34:41+00:00\",\"dateModified\":\"2024-11-20T16:21:54+00:00\",\"breadcrumb\":{\"@id\":\"https:\\\/\\\/remoticom.com\\\/product\\\/energynode-relay\\\/#breadcrumb\"},\"inLanguage\":\"de\",\"potentialAction\":[{\"@type\":\"ReadAction\",\"target\":[\"https:\\\/\\\/remoticom.com\\\/product\\\/energynode-relay\\\/\"]}]},{\"@type\":\"ImageObject\",\"inLanguage\":\"de\",\"@id\":\"https:\\\/\\\/remoticom.com\\\/product\\\/energynode-relay\\\/#primaryimage\",\"url\":\"https:\\\/\\\/remoticom.com\\\/wp-content\\\/uploads\\\/2021\\\/03\\\/DYNA100-003.jpg\",\"contentUrl\":\"https:\\\/\\\/remoticom.com\\\/wp-content\\\/uploads\\\/2021\\\/03\\\/DYNA100-003.jpg\",\"width\":1000,\"height\":1000,\"caption\":\"DYNA100\"},{\"@type\":\"BreadcrumbList\",\"@id\":\"https:\\\/\\\/remoticom.com\\\/product\\\/energynode-relay\\\/#breadcrumb\",\"itemListElement\":[{\"@type\":\"ListItem\",\"position\":1,\"name\":\"Home\",\"item\":\"https:\\\/\\\/remoticom.com\\\/\"},{\"@type\":\"ListItem\",\"position\":2,\"name\":\"Producten\",\"item\":\"https:\\\/\\\/remoticom.com\\\/en\\\/producten\\\/\"},{\"@type\":\"ListItem\",\"position\":3,\"name\":\"EnergyNode Relay\"}]},{\"@type\":\"WebSite\",\"@id\":\"https:\\\/\\\/remoticom.com\\\/nl_nl\\\/#website\",\"url\":\"https:\\\/\\\/remoticom.com\\\/nl_nl\\\/\",\"name\":\"Remoticom\",\"description\":\"Connects the future\",\"publisher\":{\"@id\":\"https:\\\/\\\/remoticom.com\\\/nl_nl\\\/#organization\"},\"potentialAction\":[{\"@type\":\"SearchAction\",\"target\":{\"@type\":\"EntryPoint\",\"urlTemplate\":\"https:\\\/\\\/remoticom.com\\\/nl_nl\\\/?s={search_term_string}\"},\"query-input\":{\"@type\":\"PropertyValueSpecification\",\"valueRequired\":true,\"valueName\":\"search_term_string\"}}],\"inLanguage\":\"de\"},{\"@type\":\"Organization\",\"@id\":\"https:\\\/\\\/remoticom.com\\\/nl_nl\\\/#organization\",\"name\":\"Remoticom\",\"url\":\"https:\\\/\\\/remoticom.com\\\/nl_nl\\\/\",\"logo\":{\"@type\":\"ImageObject\",\"inLanguage\":\"de\",\"@id\":\"https:\\\/\\\/remoticom.com\\\/nl_nl\\\/#\\\/schema\\\/logo\\\/image\\\/\",\"url\":\"https:\\\/\\\/remoticom.com\\\/wp-content\\\/uploads\\\/2024\\\/09\\\/Logo_Remoticom.png\",\"contentUrl\":\"https:\\\/\\\/remoticom.com\\\/wp-content\\\/uploads\\\/2024\\\/09\\\/Logo_Remoticom.png\",\"width\":22889,\"height\":10145,\"caption\":\"Remoticom\"},\"image\":{\"@id\":\"https:\\\/\\\/remoticom.com\\\/nl_nl\\\/#\\\/schema\\\/logo\\\/image\\\/\"},\"sameAs\":[\"https:\\\/\\\/www.instagram.com\\\/remoticom\\\/\",\"https:\\\/\\\/www.linkedin.com\\\/company\\\/remoticom-bv\"]}]}<\/script>\n<!-- \/ Yoast SEO plugin. -->","yoast_head_json":{"title":"EnergyNode Relay - Remoticom","robots":{"index":"index","follow":"follow","max-snippet":"max-snippet:-1","max-image-preview":"max-image-preview:large","max-video-preview":"max-video-preview:-1"},"canonical":"https:\/\/remoticom.com\/de\/produkt\/energynode-relay\/","og_locale":"de_DE","og_type":"article","og_title":"EnergyNode Relay - Remoticom","og_description":"De EnergyNode Relay is een 230V gevoed schakelsysteem dat via NB-IoT\/2G\/LTE-M beheerd en is voorzien van twee bedienbare uitgangen. De aan- en uitschakeltijden van uitgang \u00e9\u00e9n en uitgang twee kunnen afzonderlijk van elkaar worden bediend. Tevens kan er gebruik gemaakt worden van de aanwezige astronomische tabel. De controller onthoudt bij spanningsuitval de lokale tijd dankzij een interne klok. Het systeem maakt automatisch verbinding met GPS om datum en tijdinformatie in real time te verkrijgen. De EnergyNode Relay is voorzien van lokale bediening middels een folieschakelaar en van led indicatoren voor het aflezen van de actuele status.","og_url":"https:\/\/remoticom.com\/de\/produkt\/energynode-relay\/","og_site_name":"Remoticom","article_modified_time":"2024-11-20T16:21:54+00:00","og_image":[{"width":1000,"height":1000,"url":"https:\/\/remoticom.com\/wp-content\/uploads\/2021\/03\/DYNA100-003.jpg","type":"image\/jpeg"}],"twitter_card":"summary_large_image","twitter_misc":{"Gesch\u00e4tzte Lesezeit":"1\u00a0Minute"},"schema":{"@context":"https:\/\/schema.org","@graph":[{"@type":"WebPage","@id":"https:\/\/remoticom.com\/product\/energynode-relay\/","url":"https:\/\/remoticom.com\/product\/energynode-relay\/","name":"EnergyNode Relay - Remoticom","isPartOf":{"@id":"https:\/\/remoticom.com\/nl_nl\/#website"},"primaryImageOfPage":{"@id":"https:\/\/remoticom.com\/product\/energynode-relay\/#primaryimage"},"image":{"@id":"https:\/\/remoticom.com\/product\/energynode-relay\/#primaryimage"},"thumbnailUrl":"https:\/\/remoticom.com\/wp-content\/uploads\/2021\/03\/DYNA100-003.jpg","datePublished":"2021-03-24T09:34:41+00:00","dateModified":"2024-11-20T16:21:54+00:00","breadcrumb":{"@id":"https:\/\/remoticom.com\/product\/energynode-relay\/#breadcrumb"},"inLanguage":"de","potentialAction":[{"@type":"ReadAction","target":["https:\/\/remoticom.com\/product\/energynode-relay\/"]}]},{"@type":"ImageObject","inLanguage":"de","@id":"https:\/\/remoticom.com\/product\/energynode-relay\/#primaryimage","url":"https:\/\/remoticom.com\/wp-content\/uploads\/2021\/03\/DYNA100-003.jpg","contentUrl":"https:\/\/remoticom.com\/wp-content\/uploads\/2021\/03\/DYNA100-003.jpg","width":1000,"height":1000,"caption":"DYNA100"},{"@type":"BreadcrumbList","@id":"https:\/\/remoticom.com\/product\/energynode-relay\/#breadcrumb","itemListElement":[{"@type":"ListItem","position":1,"name":"Home","item":"https:\/\/remoticom.com\/"},{"@type":"ListItem","position":2,"name":"Producten","item":"https:\/\/remoticom.com\/en\/producten\/"},{"@type":"ListItem","position":3,"name":"EnergyNode Relay"}]},{"@type":"WebSite","@id":"https:\/\/remoticom.com\/nl_nl\/#website","url":"https:\/\/remoticom.com\/nl_nl\/","name":"Remoticom","description":"Verbindet die Zukunft","publisher":{"@id":"https:\/\/remoticom.com\/nl_nl\/#organization"},"potentialAction":[{"@type":"SearchAction","target":{"@type":"EntryPoint","urlTemplate":"https:\/\/remoticom.com\/nl_nl\/?s={search_term_string}"},"query-input":{"@type":"PropertyValueSpecification","valueRequired":true,"valueName":"search_term_string"}}],"inLanguage":"de"},{"@type":"Organization","@id":"https:\/\/remoticom.com\/nl_nl\/#organization","name":"Remoticom","url":"https:\/\/remoticom.com\/nl_nl\/","logo":{"@type":"ImageObject","inLanguage":"de","@id":"https:\/\/remoticom.com\/nl_nl\/#\/schema\/logo\/image\/","url":"https:\/\/remoticom.com\/wp-content\/uploads\/2024\/09\/Logo_Remoticom.png","contentUrl":"https:\/\/remoticom.com\/wp-content\/uploads\/2024\/09\/Logo_Remoticom.png","width":22889,"height":10145,"caption":"Remoticom"},"image":{"@id":"https:\/\/remoticom.com\/nl_nl\/#\/schema\/logo\/image\/"},"sameAs":["https:\/\/www.instagram.com\/remoticom\/","https:\/\/www.linkedin.com\/company\/remoticom-bv"]}]}},"_links":{"self":[{"href":"https:\/\/remoticom.com\/de\/wp-json\/wp\/v2\/product\/9873","targetHints":{"allow":["GET"]}}],"collection":[{"href":"https:\/\/remoticom.com\/de\/wp-json\/wp\/v2\/product"}],"about":[{"href":"https:\/\/remoticom.com\/de\/wp-json\/wp\/v2\/types\/product"}],"wp:featuredmedia":[{"embeddable":true,"href":"https:\/\/remoticom.com\/de\/wp-json\/wp\/v2\/media\/10157"}],"wp:attachment":[{"href":"https:\/\/remoticom.com\/de\/wp-json\/wp\/v2\/media?parent=9873"}],"wp:term":[{"taxonomy":"product_brand","embeddable":true,"href":"https:\/\/remoticom.com\/de\/wp-json\/wp\/v2\/product_brand?post=9873"},{"taxonomy":"product_cat","embeddable":true,"href":"https:\/\/remoticom.com\/de\/wp-json\/wp\/v2\/product_cat?post=9873"},{"taxonomy":"product_tag","embeddable":true,"href":"https:\/\/remoticom.com\/de\/wp-json\/wp\/v2\/product_tag?post=9873"}],"curies":[{"name":"wp","href":"https:\/\/api.w.org\/{rel}","templated":true}]}}