 {"id":9882,"date":"2021-03-24T09:48:43","date_gmt":"2021-03-24T09:48:43","guid":{"rendered":"https:\/\/remoticom.com\/?post_type=product&#038;p=9882"},"modified":"2024-11-20T16:20:08","modified_gmt":"2024-11-20T16:20:08","slug":"energynode-prestige-4","status":"publish","type":"product","link":"https:\/\/remoticom.com\/de\/produkt\/energynode-prestige-4\/","title":{"rendered":"EnergyNode Prestige"},"content":{"rendered":"<p><span class=\"red\">\u2022<\/span> Fernsteuerung von DALI-1 LED-Treibern<\/p>\n<p><span class=\"red\">\u2022<\/span> Beleuchtung auf einfache Weise steuern<\/p>\n<p><span class=\"red\">\u2022<\/span> OTA (programmierbar \u00fcber die Luft)<\/p>\n<p><span class=\"red\">\u2022<\/span> Erh\u00e4ltlich in DT6 oder DT8<\/p>\n<p><span class=\"red\">\u2022<\/span> In Echtzeit einstellbar<\/p>\n<p><span class=\"red\">\u2022<\/span> Energie- und kostensparend<\/p>\n<p><span class=\"red\">\u2022<\/span> Nachhaltige Alternative zu den derzeitigen Systemen<\/p>\n<p><span class=\"red\">\u2022<\/span> Notfallfunktion (Notfallmodus &amp; App)<\/p>\n<p><span class=\"red\">\u2022<\/span> Dimmverhalten pro Kanal oder Gruppe \u00fcber API einstellbar<\/p>\n<p><span class=\"red\">\u2022<\/span> Offene API kann mit anderen Datenverwaltungssystemen verkn\u00fcpft werden<\/p>\n<p>&nbsp;<\/p>","protected":false},"excerpt":{"rendered":"<p class=\"p1\">Der EnergyNode Prestige ist eine Schnittstelle f\u00fcr die Fernsteuerung von DALI-1 LED-Treibern. Der EnergyNode Prestige ist mit NB-IoT-Konnektivit\u00e4t ausgestattet, die eine Verbindung mit dem Internet erm\u00f6glicht. Der EnergyNode Prestige kann mit 230VAC betrieben werden und ist mit 4* DALI-1 Ausg\u00e4ngen und einer internen Antenne ausgestattet. Der EnergyNode Prestige ist in DT6 oder DT8 erh\u00e4ltlich. Befehle zur Anpassung der LED-Treibereinstellungen k\u00f6nnen in Echtzeit ausgef\u00fchrt werden.<\/p>\n<p>Der EnergyNode Prestige eignet sich ideal f\u00fcr die Steuerung der Beleuchtung von Geb\u00e4uden und Objekten, zum Beispiel. Denken Sie aber auch an die Beleuchtung von Sportpl\u00e4tzen oder Gel\u00e4nden, einschlie\u00dflich Rangierbahnh\u00f6fen und H\u00e4fen. \u00dcber eine API-Anbindung k\u00f6nnen die Daten direkt in verschiedenen Softwaresystemen genutzt werden.<\/p>\n<p>* Erh\u00e4ltlich mit 4, 10 oder 18 Ausg\u00e4ngen.<\/p>","protected":false},"featured_media":13078,"template":"","meta":{"_acf_changed":false,"site-sidebar-layout":"default","site-content-layout":"default","ast-site-content-layout":"default","site-content-style":"default","site-sidebar-style":"default","ast-global-header-display":"","ast-banner-title-visibility":"","ast-main-header-display":"","ast-hfb-above-header-display":"","ast-hfb-below-header-display":"","ast-hfb-mobile-header-display":"","site-post-title":"","ast-breadcrumbs-content":"","ast-featured-img":"","footer-sml-layout":"","ast-disable-related-posts":"","theme-transparent-header-meta":"default","adv-header-id-meta":"","stick-header-meta":"","header-above-stick-meta":"","header-main-stick-meta":"","header-below-stick-meta":"","astra-migrate-meta-layouts":"default","ast-page-background-enabled":"default","ast-page-background-meta":{"desktop":{"background-color":"","background-image":"","background-repeat":"repeat","background-position":"center center","background-size":"auto","background-attachment":"scroll","background-type":"","background-media":"","overlay-type":"","overlay-color":"","overlay-opacity":"","overlay-gradient":""},"tablet":{"background-color":"","background-image":"","background-repeat":"repeat","background-position":"center center","background-size":"auto","background-attachment":"scroll","background-type":"","background-media":"","overlay-type":"","overlay-color":"","overlay-opacity":"","overlay-gradient":""},"mobile":{"background-color":"","background-image":"","background-repeat":"repeat","background-position":"center center","background-size":"auto","background-attachment":"scroll","background-type":"","background-media":"","overlay-type":"","overlay-color":"","overlay-opacity":"","overlay-gradient":""}},"ast-content-background-meta":{"desktop":{"background-color":"var(--ast-global-color-5)","background-image":"","background-repeat":"repeat","background-position":"center center","background-size":"auto","background-attachment":"scroll","background-type":"","background-media":"","overlay-type":"","overlay-color":"","overlay-opacity":"","overlay-gradient":""},"tablet":{"background-color":"var(--ast-global-color-5)","background-image":"","background-repeat":"repeat","background-position":"center center","background-size":"auto","background-attachment":"scroll","background-type":"","background-media":"","overlay-type":"","overlay-color":"","overlay-opacity":"","overlay-gradient":""},"mobile":{"background-color":"var(--ast-global-color-5)","background-image":"","background-repeat":"repeat","background-position":"center center","background-size":"auto","background-attachment":"scroll","background-type":"","background-media":"","overlay-type":"","overlay-color":"","overlay-opacity":"","overlay-gradient":""}}},"product_brand":[],"product_cat":[255,195,198,207,201,196,34],"product_tag":[265],"class_list":{"0":"post-9882","1":"product","2":"type-product","3":"status-publish","4":"has-post-thumbnail","6":"product_cat-buiten-verlichting","7":"product_cat-connect","8":"product_cat-controlling","9":"product_cat-downloads-en","10":"product_cat-downloads","11":"product_cat-geen-zhaga","12":"product_cat-smart-lighting","13":"product_tag-dali1-04","14":"desktop-align-left","15":"tablet-align-left","16":"mobile-align-left","18":"first","19":"instock","20":"shipping-taxable","21":"product-type-simple"},"acf":[],"yoast_head":"<!-- This site is optimized with the Yoast SEO plugin v27.3 - https:\/\/yoast.com\/product\/yoast-seo-wordpress\/ -->\n<title>EnergyNode Prestige - Remoticom<\/title>\n<meta name=\"robots\" content=\"index, follow, max-snippet:-1, max-image-preview:large, max-video-preview:-1\" \/>\n<link rel=\"canonical\" href=\"https:\/\/remoticom.com\/de\/produkt\/energynode-prestige-4\/\" \/>\n<meta property=\"og:locale\" content=\"de_DE\" \/>\n<meta property=\"og:type\" content=\"article\" \/>\n<meta property=\"og:title\" content=\"EnergyNode Prestige - Remoticom\" \/>\n<meta property=\"og:description\" content=\"De EnergyNode Prestige is een interface voor de afstandsbediening van DALI-1 LED-drivers. De EnergyNode Prestige is uitgerust met NB-IoT-connectiviteit die verbinding met het internet mogelijk maakt. De EnergyNode Prestige kan worden gevoed vanuit 230VAC en is uitgerust met 4* DALI-1 uitgangen en een interne antenne. De EnergyNode Prestige is verkrijgbaar in DT6 of DT8. Commando\u2019s om de instellingen van de LED-driver aan te passen kunnen in realtime worden uitgevoerd. De EnergyNode Prestige is bij uitstek geschikt voor het regelen van verlichting op bijvoorbeeld gebouwen en objecten. Maar denk ook aan sportveld- of terreinverlichting, waaronder rangeerterreinen en havens. Via een API-verbinding kunnen de gegevens direct worden gebruikt in diverse softwaresystemen.  * Verkrijgbaar in 4, 10 of 18 uitgangen.\" \/>\n<meta property=\"og:url\" content=\"https:\/\/remoticom.com\/de\/produkt\/energynode-prestige-4\/\" \/>\n<meta property=\"og:site_name\" content=\"Remoticom\" \/>\n<meta property=\"article:modified_time\" content=\"2024-11-20T16:20:08+00:00\" \/>\n<meta property=\"og:image\" content=\"https:\/\/remoticom.com\/wp-content\/uploads\/2021\/03\/Untitled-7.png\" \/>\n\t<meta property=\"og:image:width\" content=\"5079\" \/>\n\t<meta property=\"og:image:height\" content=\"5079\" \/>\n\t<meta property=\"og:image:type\" content=\"image\/png\" \/>\n<meta name=\"twitter:card\" content=\"summary_large_image\" \/>\n<meta name=\"twitter:label1\" content=\"Gesch\u00e4tzte Lesezeit\" \/>\n\t<meta name=\"twitter:data1\" content=\"1\u00a0Minute\" \/>\n<script type=\"application\/ld+json\" class=\"yoast-schema-graph\">{\"@context\":\"https:\\\/\\\/schema.org\",\"@graph\":[{\"@type\":\"WebPage\",\"@id\":\"https:\\\/\\\/remoticom.com\\\/product\\\/energynode-prestige-4\\\/\",\"url\":\"https:\\\/\\\/remoticom.com\\\/product\\\/energynode-prestige-4\\\/\",\"name\":\"EnergyNode Prestige - Remoticom\",\"isPartOf\":{\"@id\":\"https:\\\/\\\/remoticom.com\\\/nl_nl\\\/#website\"},\"primaryImageOfPage\":{\"@id\":\"https:\\\/\\\/remoticom.com\\\/product\\\/energynode-prestige-4\\\/#primaryimage\"},\"image\":{\"@id\":\"https:\\\/\\\/remoticom.com\\\/product\\\/energynode-prestige-4\\\/#primaryimage\"},\"thumbnailUrl\":\"https:\\\/\\\/remoticom.com\\\/wp-content\\\/uploads\\\/2021\\\/03\\\/Untitled-7.png\",\"datePublished\":\"2021-03-24T09:48:43+00:00\",\"dateModified\":\"2024-11-20T16:20:08+00:00\",\"breadcrumb\":{\"@id\":\"https:\\\/\\\/remoticom.com\\\/product\\\/energynode-prestige-4\\\/#breadcrumb\"},\"inLanguage\":\"de\",\"potentialAction\":[{\"@type\":\"ReadAction\",\"target\":[\"https:\\\/\\\/remoticom.com\\\/product\\\/energynode-prestige-4\\\/\"]}]},{\"@type\":\"ImageObject\",\"inLanguage\":\"de\",\"@id\":\"https:\\\/\\\/remoticom.com\\\/product\\\/energynode-prestige-4\\\/#primaryimage\",\"url\":\"https:\\\/\\\/remoticom.com\\\/wp-content\\\/uploads\\\/2021\\\/03\\\/Untitled-7.png\",\"contentUrl\":\"https:\\\/\\\/remoticom.com\\\/wp-content\\\/uploads\\\/2021\\\/03\\\/Untitled-7.png\",\"width\":5079,\"height\":5079},{\"@type\":\"BreadcrumbList\",\"@id\":\"https:\\\/\\\/remoticom.com\\\/product\\\/energynode-prestige-4\\\/#breadcrumb\",\"itemListElement\":[{\"@type\":\"ListItem\",\"position\":1,\"name\":\"Home\",\"item\":\"https:\\\/\\\/remoticom.com\\\/\"},{\"@type\":\"ListItem\",\"position\":2,\"name\":\"Producten\",\"item\":\"https:\\\/\\\/remoticom.com\\\/en\\\/producten\\\/\"},{\"@type\":\"ListItem\",\"position\":3,\"name\":\"EnergyNode Prestige\"}]},{\"@type\":\"WebSite\",\"@id\":\"https:\\\/\\\/remoticom.com\\\/nl_nl\\\/#website\",\"url\":\"https:\\\/\\\/remoticom.com\\\/nl_nl\\\/\",\"name\":\"Remoticom\",\"description\":\"Connects the future\",\"publisher\":{\"@id\":\"https:\\\/\\\/remoticom.com\\\/nl_nl\\\/#organization\"},\"potentialAction\":[{\"@type\":\"SearchAction\",\"target\":{\"@type\":\"EntryPoint\",\"urlTemplate\":\"https:\\\/\\\/remoticom.com\\\/nl_nl\\\/?s={search_term_string}\"},\"query-input\":{\"@type\":\"PropertyValueSpecification\",\"valueRequired\":true,\"valueName\":\"search_term_string\"}}],\"inLanguage\":\"de\"},{\"@type\":\"Organization\",\"@id\":\"https:\\\/\\\/remoticom.com\\\/nl_nl\\\/#organization\",\"name\":\"Remoticom\",\"url\":\"https:\\\/\\\/remoticom.com\\\/nl_nl\\\/\",\"logo\":{\"@type\":\"ImageObject\",\"inLanguage\":\"de\",\"@id\":\"https:\\\/\\\/remoticom.com\\\/nl_nl\\\/#\\\/schema\\\/logo\\\/image\\\/\",\"url\":\"https:\\\/\\\/remoticom.com\\\/wp-content\\\/uploads\\\/2024\\\/09\\\/Logo_Remoticom.png\",\"contentUrl\":\"https:\\\/\\\/remoticom.com\\\/wp-content\\\/uploads\\\/2024\\\/09\\\/Logo_Remoticom.png\",\"width\":22889,\"height\":10145,\"caption\":\"Remoticom\"},\"image\":{\"@id\":\"https:\\\/\\\/remoticom.com\\\/nl_nl\\\/#\\\/schema\\\/logo\\\/image\\\/\"},\"sameAs\":[\"https:\\\/\\\/www.instagram.com\\\/remoticom\\\/\",\"https:\\\/\\\/www.linkedin.com\\\/company\\\/remoticom-bv\"]}]}<\/script>\n<!-- \/ Yoast SEO plugin. -->","yoast_head_json":{"title":"EnergyNode Prestige - Remoticom","robots":{"index":"index","follow":"follow","max-snippet":"max-snippet:-1","max-image-preview":"max-image-preview:large","max-video-preview":"max-video-preview:-1"},"canonical":"https:\/\/remoticom.com\/de\/produkt\/energynode-prestige-4\/","og_locale":"de_DE","og_type":"article","og_title":"EnergyNode Prestige - Remoticom","og_description":"De EnergyNode Prestige is een interface voor de afstandsbediening van DALI-1 LED-drivers. De EnergyNode Prestige is uitgerust met NB-IoT-connectiviteit die verbinding met het internet mogelijk maakt. De EnergyNode Prestige kan worden gevoed vanuit 230VAC en is uitgerust met 4* DALI-1 uitgangen en een interne antenne. De EnergyNode Prestige is verkrijgbaar in DT6 of DT8. Commando\u2019s om de instellingen van de LED-driver aan te passen kunnen in realtime worden uitgevoerd. De EnergyNode Prestige is bij uitstek geschikt voor het regelen van verlichting op bijvoorbeeld gebouwen en objecten. Maar denk ook aan sportveld- of terreinverlichting, waaronder rangeerterreinen en havens. Via een API-verbinding kunnen de gegevens direct worden gebruikt in diverse softwaresystemen.  * Verkrijgbaar in 4, 10 of 18 uitgangen.","og_url":"https:\/\/remoticom.com\/de\/produkt\/energynode-prestige-4\/","og_site_name":"Remoticom","article_modified_time":"2024-11-20T16:20:08+00:00","og_image":[{"url":"https:\/\/remoticom.com\/wp-content\/uploads\/2021\/03\/Untitled-7.png","width":5079,"height":5079,"type":"image\/png"}],"twitter_card":"summary_large_image","twitter_misc":{"Gesch\u00e4tzte Lesezeit":"1\u00a0Minute"},"schema":{"@context":"https:\/\/schema.org","@graph":[{"@type":"WebPage","@id":"https:\/\/remoticom.com\/product\/energynode-prestige-4\/","url":"https:\/\/remoticom.com\/product\/energynode-prestige-4\/","name":"EnergyNode Prestige - Remoticom","isPartOf":{"@id":"https:\/\/remoticom.com\/nl_nl\/#website"},"primaryImageOfPage":{"@id":"https:\/\/remoticom.com\/product\/energynode-prestige-4\/#primaryimage"},"image":{"@id":"https:\/\/remoticom.com\/product\/energynode-prestige-4\/#primaryimage"},"thumbnailUrl":"https:\/\/remoticom.com\/wp-content\/uploads\/2021\/03\/Untitled-7.png","datePublished":"2021-03-24T09:48:43+00:00","dateModified":"2024-11-20T16:20:08+00:00","breadcrumb":{"@id":"https:\/\/remoticom.com\/product\/energynode-prestige-4\/#breadcrumb"},"inLanguage":"de","potentialAction":[{"@type":"ReadAction","target":["https:\/\/remoticom.com\/product\/energynode-prestige-4\/"]}]},{"@type":"ImageObject","inLanguage":"de","@id":"https:\/\/remoticom.com\/product\/energynode-prestige-4\/#primaryimage","url":"https:\/\/remoticom.com\/wp-content\/uploads\/2021\/03\/Untitled-7.png","contentUrl":"https:\/\/remoticom.com\/wp-content\/uploads\/2021\/03\/Untitled-7.png","width":5079,"height":5079},{"@type":"BreadcrumbList","@id":"https:\/\/remoticom.com\/product\/energynode-prestige-4\/#breadcrumb","itemListElement":[{"@type":"ListItem","position":1,"name":"Home","item":"https:\/\/remoticom.com\/"},{"@type":"ListItem","position":2,"name":"Producten","item":"https:\/\/remoticom.com\/en\/producten\/"},{"@type":"ListItem","position":3,"name":"EnergyNode Prestige"}]},{"@type":"WebSite","@id":"https:\/\/remoticom.com\/nl_nl\/#website","url":"https:\/\/remoticom.com\/nl_nl\/","name":"Remoticom","description":"Verbindet die Zukunft","publisher":{"@id":"https:\/\/remoticom.com\/nl_nl\/#organization"},"potentialAction":[{"@type":"SearchAction","target":{"@type":"EntryPoint","urlTemplate":"https:\/\/remoticom.com\/nl_nl\/?s={search_term_string}"},"query-input":{"@type":"PropertyValueSpecification","valueRequired":true,"valueName":"search_term_string"}}],"inLanguage":"de"},{"@type":"Organization","@id":"https:\/\/remoticom.com\/nl_nl\/#organization","name":"Remoticom","url":"https:\/\/remoticom.com\/nl_nl\/","logo":{"@type":"ImageObject","inLanguage":"de","@id":"https:\/\/remoticom.com\/nl_nl\/#\/schema\/logo\/image\/","url":"https:\/\/remoticom.com\/wp-content\/uploads\/2024\/09\/Logo_Remoticom.png","contentUrl":"https:\/\/remoticom.com\/wp-content\/uploads\/2024\/09\/Logo_Remoticom.png","width":22889,"height":10145,"caption":"Remoticom"},"image":{"@id":"https:\/\/remoticom.com\/nl_nl\/#\/schema\/logo\/image\/"},"sameAs":["https:\/\/www.instagram.com\/remoticom\/","https:\/\/www.linkedin.com\/company\/remoticom-bv"]}]}},"_links":{"self":[{"href":"https:\/\/remoticom.com\/de\/wp-json\/wp\/v2\/product\/9882","targetHints":{"allow":["GET"]}}],"collection":[{"href":"https:\/\/remoticom.com\/de\/wp-json\/wp\/v2\/product"}],"about":[{"href":"https:\/\/remoticom.com\/de\/wp-json\/wp\/v2\/types\/product"}],"wp:featuredmedia":[{"embeddable":true,"href":"https:\/\/remoticom.com\/de\/wp-json\/wp\/v2\/media\/13078"}],"wp:attachment":[{"href":"https:\/\/remoticom.com\/de\/wp-json\/wp\/v2\/media?parent=9882"}],"wp:term":[{"taxonomy":"product_brand","embeddable":true,"href":"https:\/\/remoticom.com\/de\/wp-json\/wp\/v2\/product_brand?post=9882"},{"taxonomy":"product_cat","embeddable":true,"href":"https:\/\/remoticom.com\/de\/wp-json\/wp\/v2\/product_cat?post=9882"},{"taxonomy":"product_tag","embeddable":true,"href":"https:\/\/remoticom.com\/de\/wp-json\/wp\/v2\/product_tag?post=9882"}],"curies":[{"name":"wp","href":"https:\/\/api.w.org\/{rel}","templated":true}]}}