 {"id":9883,"date":"2021-03-24T09:50:38","date_gmt":"2021-03-24T09:50:38","guid":{"rendered":"https:\/\/remoticom.com\/?post_type=product&#038;p=9883"},"modified":"2025-05-19T12:55:19","modified_gmt":"2025-05-19T12:55:19","slug":"energynode-standard","status":"publish","type":"product","link":"https:\/\/remoticom.com\/de\/produkt\/energynode-standard\/","title":{"rendered":"EnergyNode Standard"},"content":{"rendered":"<p><span class=\"red\">\u2022<\/span> Nachhaltige, energie- und kostensparende L\u00f6sung<\/p>\n<p><span class=\"red\">\u2022<\/span> Plug-and-Play-System<\/p>\n<p><span class=\"red\">\u2022<\/span> D4i-Protokoll zum Auslesen der Treiberdaten<\/p>\n<p><span class=\"red\">\u2022<\/span> CE-zertifiziert<\/p>\n<p><span class=\"red\">\u2022<\/span> OTA (Over the Air programmierbar)<\/p>\n<p><span class=\"red\">\u2022<\/span> Kompakte Abmessungen<\/p>\n<p><span class=\"red\">\u2022<\/span> Funktioniert mit einem Sensor Ready-Treiber<\/p>\n<p><span class=\"red\">\u2022<\/span> NB-IoT-Kommunikation<\/p>\n<p><span class=\"red\">\u2022<\/span> GPS<\/p>\n<p><span class=\"red\">\u2022<\/span> Neigungserkennung<\/p>\n<p><span class=\"red\">\u2022<\/span> Notfallfunktion (Notfallmodus &amp; App)<\/p>\n<p><span class=\"red\">\u2022<\/span> Offene API zur Verkn\u00fcpfung mit verschiedenen Lichtmanagementsysteme<\/p>","protected":false},"excerpt":{"rendered":"<p class=\"p1\">Der Remoticom EnergyNode Standard ist ein innovatives Modul, das auf der Grundlage des Zhaga Book 18 an die \u00f6ffentliche Beleuchtung angeschlossen wird. Der EnergyNode Standard ist standardm\u00e4\u00dfig mit GPS ausgestattet und verwendet die Dali 2.0-Spezifikation. Die sichere NB-IoT-Datenverbindung erm\u00f6glicht die Echtzeit\u00fcberwachung des aktuellen Status, die einfache Anwendung eines Dimmregimes und sendet automatisch eine Benachrichtigung nach einer Fehlererkennung.<\/p>\n<p class=\"p1\">Die NB-IoT-Verbindung kann auch f\u00fcr den Datenaustausch mit anderen bestehenden Daten- oder Verwaltungsmanagementsystemen genutzt werden. Dies kann auch \u00fcber eine offene API* erfolgen. Der EnergyNode Standard kann \u00fcber unser Webportal und unsere App ferngesteuert werden, so dass im Notfall die angeschlossene Beleuchtung f\u00fcr eine bestimmte Zeitdauer und einen bestimmten Radius um den gew\u00e4hlten Standort auf dem maximalen Beleuchtungsniveau gesteuert wird.<\/p>\n<p class=\"p1\">Die eingebaute Neigungserkennung erm\u00f6glicht die \u00dcberwachung der Mastfehlstellung. Wenn die Neigung mehr als 5 Grad betr\u00e4gt, wird eine Fehlermeldung ausgegeben. Der EnergyNode Standard erstellt bei der ersten Inbetriebnahme seinen eigenen Nullpunkt. Dies geschieht nach 48 Brennstunden.<\/p>\n<p class=\"p1\">*Remoticom schafft durch die Verwendung von offenen APIs eine universell einsetzbare vernetzte L\u00f6sung.<\/p>","protected":false},"featured_media":13687,"template":"","meta":{"_acf_changed":false,"site-sidebar-layout":"default","site-content-layout":"default","ast-site-content-layout":"default","site-content-style":"default","site-sidebar-style":"default","ast-global-header-display":"","ast-banner-title-visibility":"","ast-main-header-display":"","ast-hfb-above-header-display":"","ast-hfb-below-header-display":"","ast-hfb-mobile-header-display":"","site-post-title":"","ast-breadcrumbs-content":"","ast-featured-img":"","footer-sml-layout":"","ast-disable-related-posts":"","theme-transparent-header-meta":"default","adv-header-id-meta":"","stick-header-meta":"","header-above-stick-meta":"","header-main-stick-meta":"","header-below-stick-meta":"","astra-migrate-meta-layouts":"default","ast-page-background-enabled":"default","ast-page-background-meta":{"desktop":{"background-color":"","background-image":"","background-repeat":"repeat","background-position":"center center","background-size":"auto","background-attachment":"scroll","background-type":"","background-media":"","overlay-type":"","overlay-color":"","overlay-opacity":"","overlay-gradient":""},"tablet":{"background-color":"","background-image":"","background-repeat":"repeat","background-position":"center center","background-size":"auto","background-attachment":"scroll","background-type":"","background-media":"","overlay-type":"","overlay-color":"","overlay-opacity":"","overlay-gradient":""},"mobile":{"background-color":"","background-image":"","background-repeat":"repeat","background-position":"center center","background-size":"auto","background-attachment":"scroll","background-type":"","background-media":"","overlay-type":"","overlay-color":"","overlay-opacity":"","overlay-gradient":""}},"ast-content-background-meta":{"desktop":{"background-color":"var(--ast-global-color-5)","background-image":"","background-repeat":"repeat","background-position":"center center","background-size":"auto","background-attachment":"scroll","background-type":"","background-media":"","overlay-type":"","overlay-color":"","overlay-opacity":"","overlay-gradient":""},"tablet":{"background-color":"var(--ast-global-color-5)","background-image":"","background-repeat":"repeat","background-position":"center center","background-size":"auto","background-attachment":"scroll","background-type":"","background-media":"","overlay-type":"","overlay-color":"","overlay-opacity":"","overlay-gradient":""},"mobile":{"background-color":"var(--ast-global-color-5)","background-image":"","background-repeat":"repeat","background-position":"center center","background-size":"auto","background-attachment":"scroll","background-type":"","background-media":"","overlay-type":"","overlay-color":"","overlay-opacity":"","overlay-gradient":""}}},"product_brand":[],"product_cat":[255,210,195,209,198,201,207,197,34,36,205],"product_tag":[252],"class_list":{"0":"post-9883","1":"product","2":"type-product","3":"status-publish","4":"has-post-thumbnail","6":"product_cat-buiten-verlichting","7":"product_cat-connect-en","8":"product_cat-connect","9":"product_cat-controlling-en","10":"product_cat-controlling","11":"product_cat-downloads","12":"product_cat-downloads-en","13":"product_cat-monitoren","14":"product_cat-smart-lighting","15":"product_cat-zhaga","16":"product_cat-zhaga-en","17":"product_tag-zsc100","18":"desktop-align-left","19":"tablet-align-left","20":"mobile-align-left","22":"first","23":"instock","24":"shipping-taxable","25":"product-type-simple"},"acf":[],"yoast_head":"<!-- This site is optimized with the Yoast SEO plugin v27.5 - https:\/\/yoast.com\/product\/yoast-seo-wordpress\/ -->\n<title>EnergyNode Standard - Remoticom<\/title>\n<meta name=\"robots\" content=\"index, follow, max-snippet:-1, max-image-preview:large, max-video-preview:-1\" \/>\n<link rel=\"canonical\" href=\"https:\/\/remoticom.com\/de\/produkt\/energynode-standard\/\" \/>\n<meta property=\"og:locale\" content=\"de_DE\" \/>\n<meta property=\"og:type\" content=\"article\" \/>\n<meta property=\"og:title\" content=\"EnergyNode Standard - Remoticom\" \/>\n<meta property=\"og:description\" content=\"De Remoticom EnergyNode Standard is een innovatieve module die op basis van de Zhaga Book 18 wordt geconnecteerd met de openbare verlichting. De EnergyNode Standard is standaard uitgevoerd met GPS en maakt gebruik van Dali 2.0 specificatie. Met de beveiligde NB-IoT dataverbinding is real time de actuele status te monitoren, kan er eenvoudig een dimregime worden aangebracht en zal er na een foutdetectie automatisch een melding worden verstuurd. De NB-IoT verbinding kan ook worden gebruikt voor gegevensuitwisseling met andere bestaande data- of managementbeheersystemen. Dit kan ook middels een open API*. De EnergyNode Standard is op afstand te bedienen via onze webportal en app, zodat bij calamiteiten de aangesloten verlichting aangestuurd wordt op het maximale verlichtingsniveau gedurende een ingestelde tijdsduur en opgegeven straal rondom de gekozen locatie. Door de ingebouwde tiltdetectie kan scheefstand van de mast gemonitord worden. Bij een scheefstand van meer dan 5 graden zal een foutmelding afgegeven worden. De EnergyNode Standard maakt een eigen nulpunt aan bij eerste ingebruikname. Dit gebeurd na 48 branduren. *Remoticom cre\u00ebert, door gebruik te maken van een API, een universeel toepasbaar geconnecteerde oplossing.\" \/>\n<meta property=\"og:url\" content=\"https:\/\/remoticom.com\/de\/produkt\/energynode-standard\/\" \/>\n<meta property=\"og:site_name\" content=\"Remoticom\" \/>\n<meta property=\"article:modified_time\" content=\"2025-05-19T12:55:19+00:00\" \/>\n<meta property=\"og:image\" content=\"https:\/\/remoticom.com\/wp-content\/uploads\/2021\/03\/ZSC1001.png\" \/>\n\t<meta property=\"og:image:width\" content=\"2423\" \/>\n\t<meta property=\"og:image:height\" content=\"2423\" \/>\n\t<meta property=\"og:image:type\" content=\"image\/png\" \/>\n<meta name=\"twitter:card\" content=\"summary_large_image\" \/>\n<meta name=\"twitter:label1\" content=\"Gesch\u00e4tzte Lesezeit\" \/>\n\t<meta name=\"twitter:data1\" content=\"1\u00a0Minute\" \/>\n<script type=\"application\/ld+json\" class=\"yoast-schema-graph\">{\"@context\":\"https:\\\/\\\/schema.org\",\"@graph\":[{\"@type\":\"WebPage\",\"@id\":\"https:\\\/\\\/remoticom.com\\\/product\\\/energynode-standard\\\/\",\"url\":\"https:\\\/\\\/remoticom.com\\\/product\\\/energynode-standard\\\/\",\"name\":\"EnergyNode Standard - Remoticom\",\"isPartOf\":{\"@id\":\"https:\\\/\\\/remoticom.com\\\/nl_nl\\\/#website\"},\"primaryImageOfPage\":{\"@id\":\"https:\\\/\\\/remoticom.com\\\/product\\\/energynode-standard\\\/#primaryimage\"},\"image\":{\"@id\":\"https:\\\/\\\/remoticom.com\\\/product\\\/energynode-standard\\\/#primaryimage\"},\"thumbnailUrl\":\"https:\\\/\\\/remoticom.com\\\/wp-content\\\/uploads\\\/2021\\\/03\\\/ZSC1001.png\",\"datePublished\":\"2021-03-24T09:50:38+00:00\",\"dateModified\":\"2025-05-19T12:55:19+00:00\",\"breadcrumb\":{\"@id\":\"https:\\\/\\\/remoticom.com\\\/product\\\/energynode-standard\\\/#breadcrumb\"},\"inLanguage\":\"de\",\"potentialAction\":[{\"@type\":\"ReadAction\",\"target\":[\"https:\\\/\\\/remoticom.com\\\/product\\\/energynode-standard\\\/\"]}]},{\"@type\":\"ImageObject\",\"inLanguage\":\"de\",\"@id\":\"https:\\\/\\\/remoticom.com\\\/product\\\/energynode-standard\\\/#primaryimage\",\"url\":\"https:\\\/\\\/remoticom.com\\\/wp-content\\\/uploads\\\/2021\\\/03\\\/ZSC1001.png\",\"contentUrl\":\"https:\\\/\\\/remoticom.com\\\/wp-content\\\/uploads\\\/2021\\\/03\\\/ZSC1001.png\",\"width\":2423,\"height\":2423},{\"@type\":\"BreadcrumbList\",\"@id\":\"https:\\\/\\\/remoticom.com\\\/product\\\/energynode-standard\\\/#breadcrumb\",\"itemListElement\":[{\"@type\":\"ListItem\",\"position\":1,\"name\":\"Home\",\"item\":\"https:\\\/\\\/remoticom.com\\\/\"},{\"@type\":\"ListItem\",\"position\":2,\"name\":\"Producten\",\"item\":\"https:\\\/\\\/remoticom.com\\\/en\\\/producten\\\/\"},{\"@type\":\"ListItem\",\"position\":3,\"name\":\"EnergyNode Standard\"}]},{\"@type\":\"WebSite\",\"@id\":\"https:\\\/\\\/remoticom.com\\\/nl_nl\\\/#website\",\"url\":\"https:\\\/\\\/remoticom.com\\\/nl_nl\\\/\",\"name\":\"Remoticom\",\"description\":\"Connects the future\",\"publisher\":{\"@id\":\"https:\\\/\\\/remoticom.com\\\/nl_nl\\\/#organization\"},\"potentialAction\":[{\"@type\":\"SearchAction\",\"target\":{\"@type\":\"EntryPoint\",\"urlTemplate\":\"https:\\\/\\\/remoticom.com\\\/nl_nl\\\/?s={search_term_string}\"},\"query-input\":{\"@type\":\"PropertyValueSpecification\",\"valueRequired\":true,\"valueName\":\"search_term_string\"}}],\"inLanguage\":\"de\"},{\"@type\":\"Organization\",\"@id\":\"https:\\\/\\\/remoticom.com\\\/nl_nl\\\/#organization\",\"name\":\"Remoticom\",\"url\":\"https:\\\/\\\/remoticom.com\\\/nl_nl\\\/\",\"logo\":{\"@type\":\"ImageObject\",\"inLanguage\":\"de\",\"@id\":\"https:\\\/\\\/remoticom.com\\\/nl_nl\\\/#\\\/schema\\\/logo\\\/image\\\/\",\"url\":\"https:\\\/\\\/remoticom.com\\\/wp-content\\\/uploads\\\/2024\\\/09\\\/Logo_Remoticom.png\",\"contentUrl\":\"https:\\\/\\\/remoticom.com\\\/wp-content\\\/uploads\\\/2024\\\/09\\\/Logo_Remoticom.png\",\"width\":22889,\"height\":10145,\"caption\":\"Remoticom\"},\"image\":{\"@id\":\"https:\\\/\\\/remoticom.com\\\/nl_nl\\\/#\\\/schema\\\/logo\\\/image\\\/\"},\"sameAs\":[\"https:\\\/\\\/www.instagram.com\\\/remoticom\\\/\",\"https:\\\/\\\/www.linkedin.com\\\/company\\\/remoticom-bv\"]}]}<\/script>\n<!-- \/ Yoast SEO plugin. -->","yoast_head_json":{"title":"EnergyNode Standard - Remoticom","robots":{"index":"index","follow":"follow","max-snippet":"max-snippet:-1","max-image-preview":"max-image-preview:large","max-video-preview":"max-video-preview:-1"},"canonical":"https:\/\/remoticom.com\/de\/produkt\/energynode-standard\/","og_locale":"de_DE","og_type":"article","og_title":"EnergyNode Standard - Remoticom","og_description":"De Remoticom EnergyNode Standard is een innovatieve module die op basis van de Zhaga Book 18 wordt geconnecteerd met de openbare verlichting. De EnergyNode Standard is standaard uitgevoerd met GPS en maakt gebruik van Dali 2.0 specificatie. Met de beveiligde NB-IoT dataverbinding is real time de actuele status te monitoren, kan er eenvoudig een dimregime worden aangebracht en zal er na een foutdetectie automatisch een melding worden verstuurd. De NB-IoT verbinding kan ook worden gebruikt voor gegevensuitwisseling met andere bestaande data- of managementbeheersystemen. Dit kan ook middels een open API*. De EnergyNode Standard is op afstand te bedienen via onze webportal en app, zodat bij calamiteiten de aangesloten verlichting aangestuurd wordt op het maximale verlichtingsniveau gedurende een ingestelde tijdsduur en opgegeven straal rondom de gekozen locatie. Door de ingebouwde tiltdetectie kan scheefstand van de mast gemonitord worden. Bij een scheefstand van meer dan 5 graden zal een foutmelding afgegeven worden. De EnergyNode Standard maakt een eigen nulpunt aan bij eerste ingebruikname. Dit gebeurd na 48 branduren. *Remoticom cre\u00ebert, door gebruik te maken van een API, een universeel toepasbaar geconnecteerde oplossing.","og_url":"https:\/\/remoticom.com\/de\/produkt\/energynode-standard\/","og_site_name":"Remoticom","article_modified_time":"2025-05-19T12:55:19+00:00","og_image":[{"url":"https:\/\/remoticom.com\/wp-content\/uploads\/2021\/03\/ZSC1001.png","width":2423,"height":2423,"type":"image\/png"}],"twitter_card":"summary_large_image","twitter_misc":{"Gesch\u00e4tzte Lesezeit":"1\u00a0Minute"},"schema":{"@context":"https:\/\/schema.org","@graph":[{"@type":"WebPage","@id":"https:\/\/remoticom.com\/product\/energynode-standard\/","url":"https:\/\/remoticom.com\/product\/energynode-standard\/","name":"EnergyNode Standard - Remoticom","isPartOf":{"@id":"https:\/\/remoticom.com\/nl_nl\/#website"},"primaryImageOfPage":{"@id":"https:\/\/remoticom.com\/product\/energynode-standard\/#primaryimage"},"image":{"@id":"https:\/\/remoticom.com\/product\/energynode-standard\/#primaryimage"},"thumbnailUrl":"https:\/\/remoticom.com\/wp-content\/uploads\/2021\/03\/ZSC1001.png","datePublished":"2021-03-24T09:50:38+00:00","dateModified":"2025-05-19T12:55:19+00:00","breadcrumb":{"@id":"https:\/\/remoticom.com\/product\/energynode-standard\/#breadcrumb"},"inLanguage":"de","potentialAction":[{"@type":"ReadAction","target":["https:\/\/remoticom.com\/product\/energynode-standard\/"]}]},{"@type":"ImageObject","inLanguage":"de","@id":"https:\/\/remoticom.com\/product\/energynode-standard\/#primaryimage","url":"https:\/\/remoticom.com\/wp-content\/uploads\/2021\/03\/ZSC1001.png","contentUrl":"https:\/\/remoticom.com\/wp-content\/uploads\/2021\/03\/ZSC1001.png","width":2423,"height":2423},{"@type":"BreadcrumbList","@id":"https:\/\/remoticom.com\/product\/energynode-standard\/#breadcrumb","itemListElement":[{"@type":"ListItem","position":1,"name":"Home","item":"https:\/\/remoticom.com\/"},{"@type":"ListItem","position":2,"name":"Producten","item":"https:\/\/remoticom.com\/en\/producten\/"},{"@type":"ListItem","position":3,"name":"EnergyNode Standard"}]},{"@type":"WebSite","@id":"https:\/\/remoticom.com\/nl_nl\/#website","url":"https:\/\/remoticom.com\/nl_nl\/","name":"Remoticom","description":"Verbindet die Zukunft","publisher":{"@id":"https:\/\/remoticom.com\/nl_nl\/#organization"},"potentialAction":[{"@type":"SearchAction","target":{"@type":"EntryPoint","urlTemplate":"https:\/\/remoticom.com\/nl_nl\/?s={search_term_string}"},"query-input":{"@type":"PropertyValueSpecification","valueRequired":true,"valueName":"search_term_string"}}],"inLanguage":"de"},{"@type":"Organization","@id":"https:\/\/remoticom.com\/nl_nl\/#organization","name":"Remoticom","url":"https:\/\/remoticom.com\/nl_nl\/","logo":{"@type":"ImageObject","inLanguage":"de","@id":"https:\/\/remoticom.com\/nl_nl\/#\/schema\/logo\/image\/","url":"https:\/\/remoticom.com\/wp-content\/uploads\/2024\/09\/Logo_Remoticom.png","contentUrl":"https:\/\/remoticom.com\/wp-content\/uploads\/2024\/09\/Logo_Remoticom.png","width":22889,"height":10145,"caption":"Remoticom"},"image":{"@id":"https:\/\/remoticom.com\/nl_nl\/#\/schema\/logo\/image\/"},"sameAs":["https:\/\/www.instagram.com\/remoticom\/","https:\/\/www.linkedin.com\/company\/remoticom-bv"]}]}},"_links":{"self":[{"href":"https:\/\/remoticom.com\/de\/wp-json\/wp\/v2\/product\/9883","targetHints":{"allow":["GET"]}}],"collection":[{"href":"https:\/\/remoticom.com\/de\/wp-json\/wp\/v2\/product"}],"about":[{"href":"https:\/\/remoticom.com\/de\/wp-json\/wp\/v2\/types\/product"}],"wp:featuredmedia":[{"embeddable":true,"href":"https:\/\/remoticom.com\/de\/wp-json\/wp\/v2\/media\/13687"}],"wp:attachment":[{"href":"https:\/\/remoticom.com\/de\/wp-json\/wp\/v2\/media?parent=9883"}],"wp:term":[{"taxonomy":"product_brand","embeddable":true,"href":"https:\/\/remoticom.com\/de\/wp-json\/wp\/v2\/product_brand?post=9883"},{"taxonomy":"product_cat","embeddable":true,"href":"https:\/\/remoticom.com\/de\/wp-json\/wp\/v2\/product_cat?post=9883"},{"taxonomy":"product_tag","embeddable":true,"href":"https:\/\/remoticom.com\/de\/wp-json\/wp\/v2\/product_tag?post=9883"}],"curies":[{"name":"wp","href":"https:\/\/api.w.org\/{rel}","templated":true}]}}