 {"id":9884,"date":"2021-03-24T09:58:01","date_gmt":"2021-03-24T09:58:01","guid":{"rendered":"https:\/\/remoticom.com\/?post_type=product&#038;p=9884"},"modified":"2024-11-20T16:16:44","modified_gmt":"2024-11-20T16:16:44","slug":"energynode-starter","status":"publish","type":"product","link":"https:\/\/remoticom.com\/de\/produkt\/energynode-starter\/","title":{"rendered":"EnergyNode Starter"},"content":{"rendered":"<p><span class=\"red\">\u2022<\/span> Nachhaltige, energie- und kostensparende L\u00f6sung<\/p>\n<p><span class=\"red\">\u2022<\/span> Plug-and-Play-System<\/p>\n<p><span class=\"red\">\u2022<\/span> Einstellbare Lichtleistung 0-100 %<\/p>\n<p><span class=\"red\">\u2022<\/span> Dimmregime bis zu 5 Stufen, jede Stufe einstellbar von 10-100%<\/p>\n<p><span class=\"red\">\u2022<\/span> Zhaga-Buch 18<\/p>\n<p><span class=\"red\">\u2022<\/span> Globales Navigationssatellitensystem (GNSS)<\/p>\n<p><span class=\"red\">\u2022<\/span> Lokale Mastkonfiguration mit sicherer Bluetooth-Smartphone-App<\/p>\n<p><span class=\"red\">\u2022<\/span> Lichtsteuerung \u00fcber die einfache App f\u00fcr Zugriff, Konfiguration und Steuerung<\/p>\n<p><span class=\"red\">\u2022<\/span> Geeignet f\u00fcr eine 24-Stunden-Stromversorgung<\/p>\n<p><span class=\"red\">\u2022<\/span> SR-zertifiziert<\/p>\n<p><span class=\"red\">\u2022<\/span> Funktioniert mit SR-Treibern mit AUX-Stromversorgung<\/p>\n<p><span class=\"red\">\u2022<\/span> Kompakte Abmessungen, 3-Leiter-Anschluss<\/p>","protected":false},"excerpt":{"rendered":"<p>Der Remoticom EnergyNode Starter ist ein innovatives Modul f\u00fcr Au\u00dfenanwendungen und dient der Konfiguration und Einrichtung einzelner Leuchten. Dieses Modul verbindet sich automatisch mit dem globalen Navigationssatellitensystem (GNSS), um Datum und Uhrzeit in Echtzeit zu erhalten. Sollte keine korrekte Zeitinformation \u00fcber das GNSS verf\u00fcgbar sein, \u00fcbernimmt der vorhandene Lichtsensor die Ein-Aus-Funktion.<\/p>\n<p>Ein- und Ausschaltkonfiguration, astronomische Tabelle oder Dimmprofil basierend auf Datum und Uhrzeit k\u00f6nnen \u00fcber eine einfache Bluetooth-Kommunikations-App realisiert werden. Daher kann dieses Produkt problemlos eine Fotozelle oder einen auf einem Leitungsschalter basierenden Steuermechanismus ersetzen.<\/p>\n<p>Der EnergyNode Starter arbeitet mit Sensor Ready (SR) Treibern \u00fcber einen standardisierten Zhaga Book 18 Stecker.<\/p>\n<p>Der EnergyNode Starter spart nicht nur Energie, sondern ist auch eine langlebige, robuste und kosteng\u00fcnstige L\u00f6sung. Das Produkt ist au\u00dferdem von A bis Z einfach zu bedienen.<\/p>","protected":false},"featured_media":11000,"template":"","meta":{"_acf_changed":false,"site-sidebar-layout":"default","site-content-layout":"default","ast-site-content-layout":"default","site-content-style":"default","site-sidebar-style":"default","ast-global-header-display":"","ast-banner-title-visibility":"","ast-main-header-display":"","ast-hfb-above-header-display":"","ast-hfb-below-header-display":"","ast-hfb-mobile-header-display":"","site-post-title":"","ast-breadcrumbs-content":"","ast-featured-img":"","footer-sml-layout":"","ast-disable-related-posts":"","theme-transparent-header-meta":"default","adv-header-id-meta":"","stick-header-meta":"","header-above-stick-meta":"","header-main-stick-meta":"","header-below-stick-meta":"","astra-migrate-meta-layouts":"default","ast-page-background-enabled":"default","ast-page-background-meta":{"desktop":{"background-color":"","background-image":"","background-repeat":"repeat","background-position":"center center","background-size":"auto","background-attachment":"scroll","background-type":"","background-media":"","overlay-type":"","overlay-color":"","overlay-opacity":"","overlay-gradient":""},"tablet":{"background-color":"","background-image":"","background-repeat":"repeat","background-position":"center center","background-size":"auto","background-attachment":"scroll","background-type":"","background-media":"","overlay-type":"","overlay-color":"","overlay-opacity":"","overlay-gradient":""},"mobile":{"background-color":"","background-image":"","background-repeat":"repeat","background-position":"center center","background-size":"auto","background-attachment":"scroll","background-type":"","background-media":"","overlay-type":"","overlay-color":"","overlay-opacity":"","overlay-gradient":""}},"ast-content-background-meta":{"desktop":{"background-color":"var(--ast-global-color-5)","background-image":"","background-repeat":"repeat","background-position":"center center","background-size":"auto","background-attachment":"scroll","background-type":"","background-media":"","overlay-type":"","overlay-color":"","overlay-opacity":"","overlay-gradient":""},"tablet":{"background-color":"var(--ast-global-color-5)","background-image":"","background-repeat":"repeat","background-position":"center center","background-size":"auto","background-attachment":"scroll","background-type":"","background-media":"","overlay-type":"","overlay-color":"","overlay-opacity":"","overlay-gradient":""},"mobile":{"background-color":"var(--ast-global-color-5)","background-image":"","background-repeat":"repeat","background-position":"center center","background-size":"auto","background-attachment":"scroll","background-type":"","background-media":"","overlay-type":"","overlay-color":"","overlay-opacity":"","overlay-gradient":""}}},"product_brand":[],"product_cat":[255,198,201,35,34,36],"product_tag":[],"class_list":{"0":"post-9884","1":"product","2":"type-product","3":"status-publish","4":"has-post-thumbnail","6":"product_cat-buiten-verlichting","7":"product_cat-controlling","8":"product_cat-downloads","9":"product_cat-lokaal","10":"product_cat-smart-lighting","11":"product_cat-zhaga","12":"desktop-align-left","13":"tablet-align-left","14":"mobile-align-left","16":"first","17":"instock","18":"shipping-taxable","19":"product-type-simple"},"acf":[],"yoast_head":"<!-- This site is optimized with the Yoast SEO plugin v27.3 - https:\/\/yoast.com\/product\/yoast-seo-wordpress\/ -->\n<title>EnergyNode Starter - Remoticom<\/title>\n<meta name=\"robots\" content=\"index, follow, max-snippet:-1, max-image-preview:large, max-video-preview:-1\" \/>\n<link rel=\"canonical\" href=\"https:\/\/remoticom.com\/de\/produkt\/energynode-starter\/\" \/>\n<meta property=\"og:locale\" content=\"de_DE\" \/>\n<meta property=\"og:type\" content=\"article\" \/>\n<meta property=\"og:title\" content=\"EnergyNode Starter - Remoticom\" \/>\n<meta property=\"og:description\" content=\"De Remoticom EnergyNode Starter is een innovatieve module voor buitentoepassingen en is bedoeld voor het configureren en het instellen van individuele armaturen. Deze module maakt automatisch verbinding met het Global Navigation Satellite System (GNSS) om datum- en tijdinformatie in real time te verkrijgen. Mocht er geen juiste tijdinformatie via de GNSS beschikbaar zijn, dan neemt de aanwezige lichtsensor de aan-uitschakeling over.  Configuratie aan- en uitschakelen, astronomische tabel of dimprofiel op basis van datum en tijd kunnen met behulp van een eenvoudige Bluetooth-communicatie app gerealiseerd worden. Daarom kan dit product eenvoudig een fotocel of op Line Switch gebaseerd besturingsmechanisme vervangen.  De EnergyNode Starter werkt met Sensor Ready (SR) drivers via een gestandaardiseerde Zhaga Book 18 connector.  De EnergyNode Starter is naast energiebesparend ook een oplossing die langdurig meegaat, duurzaam is en daarnaast ook nog eens kosteneffectief is. Ook is het product eenvoudig in gebruik van A tot Z.\" \/>\n<meta property=\"og:url\" content=\"https:\/\/remoticom.com\/de\/produkt\/energynode-starter\/\" \/>\n<meta property=\"og:site_name\" content=\"Remoticom\" \/>\n<meta property=\"article:modified_time\" content=\"2024-11-20T16:16:44+00:00\" \/>\n<meta property=\"og:image\" content=\"https:\/\/remoticom.com\/wp-content\/uploads\/2021\/03\/ZSC010-vierkant-2.jpg\" \/>\n\t<meta property=\"og:image:width\" content=\"2423\" \/>\n\t<meta property=\"og:image:height\" content=\"2423\" \/>\n\t<meta property=\"og:image:type\" content=\"image\/jpeg\" \/>\n<meta name=\"twitter:card\" content=\"summary_large_image\" \/>\n<meta name=\"twitter:label1\" content=\"Gesch\u00e4tzte Lesezeit\" \/>\n\t<meta name=\"twitter:data1\" content=\"1\u00a0Minute\" \/>\n<script type=\"application\/ld+json\" class=\"yoast-schema-graph\">{\"@context\":\"https:\\\/\\\/schema.org\",\"@graph\":[{\"@type\":\"WebPage\",\"@id\":\"https:\\\/\\\/remoticom.com\\\/product\\\/energynode-starter\\\/\",\"url\":\"https:\\\/\\\/remoticom.com\\\/product\\\/energynode-starter\\\/\",\"name\":\"EnergyNode Starter - Remoticom\",\"isPartOf\":{\"@id\":\"https:\\\/\\\/remoticom.com\\\/nl_nl\\\/#website\"},\"primaryImageOfPage\":{\"@id\":\"https:\\\/\\\/remoticom.com\\\/product\\\/energynode-starter\\\/#primaryimage\"},\"image\":{\"@id\":\"https:\\\/\\\/remoticom.com\\\/product\\\/energynode-starter\\\/#primaryimage\"},\"thumbnailUrl\":\"https:\\\/\\\/remoticom.com\\\/wp-content\\\/uploads\\\/2021\\\/03\\\/ZSC010-vierkant-2.jpg\",\"datePublished\":\"2021-03-24T09:58:01+00:00\",\"dateModified\":\"2024-11-20T16:16:44+00:00\",\"breadcrumb\":{\"@id\":\"https:\\\/\\\/remoticom.com\\\/product\\\/energynode-starter\\\/#breadcrumb\"},\"inLanguage\":\"de\",\"potentialAction\":[{\"@type\":\"ReadAction\",\"target\":[\"https:\\\/\\\/remoticom.com\\\/product\\\/energynode-starter\\\/\"]}]},{\"@type\":\"ImageObject\",\"inLanguage\":\"de\",\"@id\":\"https:\\\/\\\/remoticom.com\\\/product\\\/energynode-starter\\\/#primaryimage\",\"url\":\"https:\\\/\\\/remoticom.com\\\/wp-content\\\/uploads\\\/2021\\\/03\\\/ZSC010-vierkant-2.jpg\",\"contentUrl\":\"https:\\\/\\\/remoticom.com\\\/wp-content\\\/uploads\\\/2021\\\/03\\\/ZSC010-vierkant-2.jpg\",\"width\":2423,\"height\":2423},{\"@type\":\"BreadcrumbList\",\"@id\":\"https:\\\/\\\/remoticom.com\\\/product\\\/energynode-starter\\\/#breadcrumb\",\"itemListElement\":[{\"@type\":\"ListItem\",\"position\":1,\"name\":\"Home\",\"item\":\"https:\\\/\\\/remoticom.com\\\/\"},{\"@type\":\"ListItem\",\"position\":2,\"name\":\"Producten\",\"item\":\"https:\\\/\\\/remoticom.com\\\/en\\\/producten\\\/\"},{\"@type\":\"ListItem\",\"position\":3,\"name\":\"EnergyNode Starter\"}]},{\"@type\":\"WebSite\",\"@id\":\"https:\\\/\\\/remoticom.com\\\/nl_nl\\\/#website\",\"url\":\"https:\\\/\\\/remoticom.com\\\/nl_nl\\\/\",\"name\":\"Remoticom\",\"description\":\"Connects the future\",\"publisher\":{\"@id\":\"https:\\\/\\\/remoticom.com\\\/nl_nl\\\/#organization\"},\"potentialAction\":[{\"@type\":\"SearchAction\",\"target\":{\"@type\":\"EntryPoint\",\"urlTemplate\":\"https:\\\/\\\/remoticom.com\\\/nl_nl\\\/?s={search_term_string}\"},\"query-input\":{\"@type\":\"PropertyValueSpecification\",\"valueRequired\":true,\"valueName\":\"search_term_string\"}}],\"inLanguage\":\"de\"},{\"@type\":\"Organization\",\"@id\":\"https:\\\/\\\/remoticom.com\\\/nl_nl\\\/#organization\",\"name\":\"Remoticom\",\"url\":\"https:\\\/\\\/remoticom.com\\\/nl_nl\\\/\",\"logo\":{\"@type\":\"ImageObject\",\"inLanguage\":\"de\",\"@id\":\"https:\\\/\\\/remoticom.com\\\/nl_nl\\\/#\\\/schema\\\/logo\\\/image\\\/\",\"url\":\"https:\\\/\\\/remoticom.com\\\/wp-content\\\/uploads\\\/2024\\\/09\\\/Logo_Remoticom.png\",\"contentUrl\":\"https:\\\/\\\/remoticom.com\\\/wp-content\\\/uploads\\\/2024\\\/09\\\/Logo_Remoticom.png\",\"width\":22889,\"height\":10145,\"caption\":\"Remoticom\"},\"image\":{\"@id\":\"https:\\\/\\\/remoticom.com\\\/nl_nl\\\/#\\\/schema\\\/logo\\\/image\\\/\"},\"sameAs\":[\"https:\\\/\\\/www.instagram.com\\\/remoticom\\\/\",\"https:\\\/\\\/www.linkedin.com\\\/company\\\/remoticom-bv\"]}]}<\/script>\n<!-- \/ Yoast SEO plugin. -->","yoast_head_json":{"title":"EnergyNode Starter - Remoticom","robots":{"index":"index","follow":"follow","max-snippet":"max-snippet:-1","max-image-preview":"max-image-preview:large","max-video-preview":"max-video-preview:-1"},"canonical":"https:\/\/remoticom.com\/de\/produkt\/energynode-starter\/","og_locale":"de_DE","og_type":"article","og_title":"EnergyNode Starter - Remoticom","og_description":"De Remoticom EnergyNode Starter is een innovatieve module voor buitentoepassingen en is bedoeld voor het configureren en het instellen van individuele armaturen. Deze module maakt automatisch verbinding met het Global Navigation Satellite System (GNSS) om datum- en tijdinformatie in real time te verkrijgen. Mocht er geen juiste tijdinformatie via de GNSS beschikbaar zijn, dan neemt de aanwezige lichtsensor de aan-uitschakeling over.  Configuratie aan- en uitschakelen, astronomische tabel of dimprofiel op basis van datum en tijd kunnen met behulp van een eenvoudige Bluetooth-communicatie app gerealiseerd worden. Daarom kan dit product eenvoudig een fotocel of op Line Switch gebaseerd besturingsmechanisme vervangen.  De EnergyNode Starter werkt met Sensor Ready (SR) drivers via een gestandaardiseerde Zhaga Book 18 connector.  De EnergyNode Starter is naast energiebesparend ook een oplossing die langdurig meegaat, duurzaam is en daarnaast ook nog eens kosteneffectief is. Ook is het product eenvoudig in gebruik van A tot Z.","og_url":"https:\/\/remoticom.com\/de\/produkt\/energynode-starter\/","og_site_name":"Remoticom","article_modified_time":"2024-11-20T16:16:44+00:00","og_image":[{"width":2423,"height":2423,"url":"https:\/\/remoticom.com\/wp-content\/uploads\/2021\/03\/ZSC010-vierkant-2.jpg","type":"image\/jpeg"}],"twitter_card":"summary_large_image","twitter_misc":{"Gesch\u00e4tzte Lesezeit":"1\u00a0Minute"},"schema":{"@context":"https:\/\/schema.org","@graph":[{"@type":"WebPage","@id":"https:\/\/remoticom.com\/product\/energynode-starter\/","url":"https:\/\/remoticom.com\/product\/energynode-starter\/","name":"EnergyNode Starter - Remoticom","isPartOf":{"@id":"https:\/\/remoticom.com\/nl_nl\/#website"},"primaryImageOfPage":{"@id":"https:\/\/remoticom.com\/product\/energynode-starter\/#primaryimage"},"image":{"@id":"https:\/\/remoticom.com\/product\/energynode-starter\/#primaryimage"},"thumbnailUrl":"https:\/\/remoticom.com\/wp-content\/uploads\/2021\/03\/ZSC010-vierkant-2.jpg","datePublished":"2021-03-24T09:58:01+00:00","dateModified":"2024-11-20T16:16:44+00:00","breadcrumb":{"@id":"https:\/\/remoticom.com\/product\/energynode-starter\/#breadcrumb"},"inLanguage":"de","potentialAction":[{"@type":"ReadAction","target":["https:\/\/remoticom.com\/product\/energynode-starter\/"]}]},{"@type":"ImageObject","inLanguage":"de","@id":"https:\/\/remoticom.com\/product\/energynode-starter\/#primaryimage","url":"https:\/\/remoticom.com\/wp-content\/uploads\/2021\/03\/ZSC010-vierkant-2.jpg","contentUrl":"https:\/\/remoticom.com\/wp-content\/uploads\/2021\/03\/ZSC010-vierkant-2.jpg","width":2423,"height":2423},{"@type":"BreadcrumbList","@id":"https:\/\/remoticom.com\/product\/energynode-starter\/#breadcrumb","itemListElement":[{"@type":"ListItem","position":1,"name":"Home","item":"https:\/\/remoticom.com\/"},{"@type":"ListItem","position":2,"name":"Producten","item":"https:\/\/remoticom.com\/en\/producten\/"},{"@type":"ListItem","position":3,"name":"EnergyNode Starter"}]},{"@type":"WebSite","@id":"https:\/\/remoticom.com\/nl_nl\/#website","url":"https:\/\/remoticom.com\/nl_nl\/","name":"Remoticom","description":"Verbindet die Zukunft","publisher":{"@id":"https:\/\/remoticom.com\/nl_nl\/#organization"},"potentialAction":[{"@type":"SearchAction","target":{"@type":"EntryPoint","urlTemplate":"https:\/\/remoticom.com\/nl_nl\/?s={search_term_string}"},"query-input":{"@type":"PropertyValueSpecification","valueRequired":true,"valueName":"search_term_string"}}],"inLanguage":"de"},{"@type":"Organization","@id":"https:\/\/remoticom.com\/nl_nl\/#organization","name":"Remoticom","url":"https:\/\/remoticom.com\/nl_nl\/","logo":{"@type":"ImageObject","inLanguage":"de","@id":"https:\/\/remoticom.com\/nl_nl\/#\/schema\/logo\/image\/","url":"https:\/\/remoticom.com\/wp-content\/uploads\/2024\/09\/Logo_Remoticom.png","contentUrl":"https:\/\/remoticom.com\/wp-content\/uploads\/2024\/09\/Logo_Remoticom.png","width":22889,"height":10145,"caption":"Remoticom"},"image":{"@id":"https:\/\/remoticom.com\/nl_nl\/#\/schema\/logo\/image\/"},"sameAs":["https:\/\/www.instagram.com\/remoticom\/","https:\/\/www.linkedin.com\/company\/remoticom-bv"]}]}},"_links":{"self":[{"href":"https:\/\/remoticom.com\/de\/wp-json\/wp\/v2\/product\/9884","targetHints":{"allow":["GET"]}}],"collection":[{"href":"https:\/\/remoticom.com\/de\/wp-json\/wp\/v2\/product"}],"about":[{"href":"https:\/\/remoticom.com\/de\/wp-json\/wp\/v2\/types\/product"}],"wp:featuredmedia":[{"embeddable":true,"href":"https:\/\/remoticom.com\/de\/wp-json\/wp\/v2\/media\/11000"}],"wp:attachment":[{"href":"https:\/\/remoticom.com\/de\/wp-json\/wp\/v2\/media?parent=9884"}],"wp:term":[{"taxonomy":"product_brand","embeddable":true,"href":"https:\/\/remoticom.com\/de\/wp-json\/wp\/v2\/product_brand?post=9884"},{"taxonomy":"product_cat","embeddable":true,"href":"https:\/\/remoticom.com\/de\/wp-json\/wp\/v2\/product_cat?post=9884"},{"taxonomy":"product_tag","embeddable":true,"href":"https:\/\/remoticom.com\/de\/wp-json\/wp\/v2\/product_tag?post=9884"}],"curies":[{"name":"wp","href":"https:\/\/api.w.org\/{rel}","templated":true}]}}