 {"id":9886,"date":"2021-03-24T10:06:52","date_gmt":"2021-03-24T10:06:52","guid":{"rendered":"https:\/\/remoticom.com\/?post_type=product&#038;p=9886"},"modified":"2025-05-27T07:45:07","modified_gmt":"2025-05-27T07:45:07","slug":"energynode-motion","status":"publish","type":"product","link":"https:\/\/remoticom.com\/de\/produkt\/energynode-motion\/","title":{"rendered":"EnergyNode Motion"},"content":{"rendered":"<p><span class=\"red\">\u2022<\/span> Nachhaltige, energie- und kostensparende L\u00f6sung<\/p>\n<p><span class=\"red\">\u2022<\/span> Plug-and-Play-System<\/p>\n<p><span class=\"red\">\u2022<\/span> DALI-2-Protokoll, D4i Typ B<\/p>\n<p><span class=\"red\">\u2022<\/span> Einfache L\u00f6sung zum Dumb-Down einer \nDALI-zertifizierten Leuchte<\/p>\n<p><span class=\"red\">\u2022<\/span> Lokale Mastkonfiguration mit Smartphone-Anwendung<\/p>\n<p><span class=\"red\">\u2022<\/span> Sichere Konfiguration \u00fcber Bluetooth Mesh<\/p>\n<p><span class=\"red\">\u2022<\/span> Funkreichweite von mindestens 90 \nMetern<\/p>","protected":false},"excerpt":{"rendered":"<p class=\"p1\">Der EnergyNode Motion kann ein Bluetooth-Mesh-Netzwerk mit anderen Ger\u00e4ten der EnergyNode-Familie aufbauen, so dass bei Erkennung einer Bewegung durch einen EnergyNode Motion auch die anderen Ger\u00e4te das Signal erhalten, die Lampenstufe zu \u00e4ndern. Auf diese Weise k\u00f6nnen Lampen geschaltet werden und es ist m\u00f6glich, ein Follow-me-Prinzip anzuwenden. Denken Sie zum Beispiel an einen (schnellen) Radweg, auf dem das Licht dem Radfahrer wie ein 'Lichtzug' oder eine 'Lichtblase' folgt.<\/p>","protected":false},"featured_media":13057,"template":"","meta":{"_acf_changed":false,"site-sidebar-layout":"default","site-content-layout":"default","ast-site-content-layout":"default","site-content-style":"default","site-sidebar-style":"default","ast-global-header-display":"","ast-banner-title-visibility":"","ast-main-header-display":"","ast-hfb-above-header-display":"","ast-hfb-below-header-display":"","ast-hfb-mobile-header-display":"","site-post-title":"","ast-breadcrumbs-content":"","ast-featured-img":"","footer-sml-layout":"","ast-disable-related-posts":"","theme-transparent-header-meta":"default","adv-header-id-meta":"","stick-header-meta":"","header-above-stick-meta":"","header-main-stick-meta":"","header-below-stick-meta":"","astra-migrate-meta-layouts":"default","ast-page-background-enabled":"default","ast-page-background-meta":{"desktop":{"background-color":"","background-image":"","background-repeat":"repeat","background-position":"center center","background-size":"auto","background-attachment":"scroll","background-type":"","background-media":"","overlay-type":"","overlay-color":"","overlay-opacity":"","overlay-gradient":""},"tablet":{"background-color":"","background-image":"","background-repeat":"repeat","background-position":"center center","background-size":"auto","background-attachment":"scroll","background-type":"","background-media":"","overlay-type":"","overlay-color":"","overlay-opacity":"","overlay-gradient":""},"mobile":{"background-color":"","background-image":"","background-repeat":"repeat","background-position":"center center","background-size":"auto","background-attachment":"scroll","background-type":"","background-media":"","overlay-type":"","overlay-color":"","overlay-opacity":"","overlay-gradient":""}},"ast-content-background-meta":{"desktop":{"background-color":"var(--ast-global-color-5)","background-image":"","background-repeat":"repeat","background-position":"center center","background-size":"auto","background-attachment":"scroll","background-type":"","background-media":"","overlay-type":"","overlay-color":"","overlay-opacity":"","overlay-gradient":""},"tablet":{"background-color":"var(--ast-global-color-5)","background-image":"","background-repeat":"repeat","background-position":"center center","background-size":"auto","background-attachment":"scroll","background-type":"","background-media":"","overlay-type":"","overlay-color":"","overlay-opacity":"","overlay-gradient":""},"mobile":{"background-color":"var(--ast-global-color-5)","background-image":"","background-repeat":"repeat","background-position":"center center","background-size":"auto","background-attachment":"scroll","background-type":"","background-media":"","overlay-type":"","overlay-color":"","overlay-opacity":"","overlay-gradient":""}}},"product_brand":[],"product_cat":[255,198,209,37,206,201,204,35,34,36,205],"product_tag":[253],"class_list":{"0":"post-9886","1":"product","2":"type-product","3":"status-publish","4":"has-post-thumbnail","6":"product_cat-buiten-verlichting","7":"product_cat-controlling","8":"product_cat-controlling-en","9":"product_cat-detectie","10":"product_cat-detection-en","11":"product_cat-downloads","12":"product_cat-local-en","13":"product_cat-lokaal","14":"product_cat-smart-lighting","15":"product_cat-zhaga","16":"product_cat-zhaga-en","17":"product_tag-zms200","18":"desktop-align-left","19":"tablet-align-left","20":"mobile-align-left","22":"first","23":"instock","24":"shipping-taxable","25":"product-type-simple"},"acf":[],"yoast_head":"<!-- This site is optimized with the Yoast SEO plugin v27.3 - https:\/\/yoast.com\/product\/yoast-seo-wordpress\/ -->\n<title>EnergyNode Motion - Remoticom<\/title>\n<meta name=\"robots\" content=\"index, follow, max-snippet:-1, max-image-preview:large, max-video-preview:-1\" \/>\n<link rel=\"canonical\" href=\"https:\/\/remoticom.com\/de\/produkt\/energynode-motion\/\" \/>\n<meta property=\"og:locale\" content=\"de_DE\" \/>\n<meta property=\"og:type\" content=\"article\" \/>\n<meta property=\"og:title\" content=\"EnergyNode Motion - Remoticom\" \/>\n<meta property=\"og:description\" content=\"De EnergyNode Motion kan een Bluetooth mesh netwerk opbouwen met andere apparaten uit de EnergyNode-familie zodat bij bewegingsdetectie van een EnergyNode Motion de andere apparaten eveneens het signaal krijgen om het lampniveau te veranderen. Hiermee kunnen lampen geschakeld worden en is het mogelijk om een follow-me principe toe te passen. Denk hierbij aan bijvoorbeeld een (snel) fietspad waarbij het licht de fietser zal volgen als een\u201dlichttrein\u201d of \u201clichtbubbel\u201d.\" \/>\n<meta property=\"og:url\" content=\"https:\/\/remoticom.com\/de\/produkt\/energynode-motion\/\" \/>\n<meta property=\"og:site_name\" content=\"Remoticom\" \/>\n<meta property=\"article:modified_time\" content=\"2025-05-27T07:45:07+00:00\" \/>\n<meta property=\"og:image\" content=\"https:\/\/remoticom.com\/wp-content\/uploads\/2021\/03\/NEW.png\" \/>\n\t<meta property=\"og:image:width\" content=\"5079\" \/>\n\t<meta property=\"og:image:height\" content=\"5079\" \/>\n\t<meta property=\"og:image:type\" content=\"image\/png\" \/>\n<meta name=\"twitter:card\" content=\"summary_large_image\" \/>\n<meta name=\"twitter:label1\" content=\"Gesch\u00e4tzte Lesezeit\" \/>\n\t<meta name=\"twitter:data1\" content=\"1\u00a0Minute\" \/>\n<script type=\"application\/ld+json\" class=\"yoast-schema-graph\">{\"@context\":\"https:\\\/\\\/schema.org\",\"@graph\":[{\"@type\":\"WebPage\",\"@id\":\"https:\\\/\\\/remoticom.com\\\/product\\\/energynode-motion\\\/\",\"url\":\"https:\\\/\\\/remoticom.com\\\/product\\\/energynode-motion\\\/\",\"name\":\"EnergyNode Motion - Remoticom\",\"isPartOf\":{\"@id\":\"https:\\\/\\\/remoticom.com\\\/nl_nl\\\/#website\"},\"primaryImageOfPage\":{\"@id\":\"https:\\\/\\\/remoticom.com\\\/product\\\/energynode-motion\\\/#primaryimage\"},\"image\":{\"@id\":\"https:\\\/\\\/remoticom.com\\\/product\\\/energynode-motion\\\/#primaryimage\"},\"thumbnailUrl\":\"https:\\\/\\\/remoticom.com\\\/wp-content\\\/uploads\\\/2021\\\/03\\\/NEW.png\",\"datePublished\":\"2021-03-24T10:06:52+00:00\",\"dateModified\":\"2025-05-27T07:45:07+00:00\",\"breadcrumb\":{\"@id\":\"https:\\\/\\\/remoticom.com\\\/product\\\/energynode-motion\\\/#breadcrumb\"},\"inLanguage\":\"de\",\"potentialAction\":[{\"@type\":\"ReadAction\",\"target\":[\"https:\\\/\\\/remoticom.com\\\/product\\\/energynode-motion\\\/\"]}]},{\"@type\":\"ImageObject\",\"inLanguage\":\"de\",\"@id\":\"https:\\\/\\\/remoticom.com\\\/product\\\/energynode-motion\\\/#primaryimage\",\"url\":\"https:\\\/\\\/remoticom.com\\\/wp-content\\\/uploads\\\/2021\\\/03\\\/NEW.png\",\"contentUrl\":\"https:\\\/\\\/remoticom.com\\\/wp-content\\\/uploads\\\/2021\\\/03\\\/NEW.png\",\"width\":5079,\"height\":5079},{\"@type\":\"BreadcrumbList\",\"@id\":\"https:\\\/\\\/remoticom.com\\\/product\\\/energynode-motion\\\/#breadcrumb\",\"itemListElement\":[{\"@type\":\"ListItem\",\"position\":1,\"name\":\"Home\",\"item\":\"https:\\\/\\\/remoticom.com\\\/\"},{\"@type\":\"ListItem\",\"position\":2,\"name\":\"Producten\",\"item\":\"https:\\\/\\\/remoticom.com\\\/en\\\/producten\\\/\"},{\"@type\":\"ListItem\",\"position\":3,\"name\":\"EnergyNode Motion\"}]},{\"@type\":\"WebSite\",\"@id\":\"https:\\\/\\\/remoticom.com\\\/nl_nl\\\/#website\",\"url\":\"https:\\\/\\\/remoticom.com\\\/nl_nl\\\/\",\"name\":\"Remoticom\",\"description\":\"Connects the future\",\"publisher\":{\"@id\":\"https:\\\/\\\/remoticom.com\\\/nl_nl\\\/#organization\"},\"potentialAction\":[{\"@type\":\"SearchAction\",\"target\":{\"@type\":\"EntryPoint\",\"urlTemplate\":\"https:\\\/\\\/remoticom.com\\\/nl_nl\\\/?s={search_term_string}\"},\"query-input\":{\"@type\":\"PropertyValueSpecification\",\"valueRequired\":true,\"valueName\":\"search_term_string\"}}],\"inLanguage\":\"de\"},{\"@type\":\"Organization\",\"@id\":\"https:\\\/\\\/remoticom.com\\\/nl_nl\\\/#organization\",\"name\":\"Remoticom\",\"url\":\"https:\\\/\\\/remoticom.com\\\/nl_nl\\\/\",\"logo\":{\"@type\":\"ImageObject\",\"inLanguage\":\"de\",\"@id\":\"https:\\\/\\\/remoticom.com\\\/nl_nl\\\/#\\\/schema\\\/logo\\\/image\\\/\",\"url\":\"https:\\\/\\\/remoticom.com\\\/wp-content\\\/uploads\\\/2024\\\/09\\\/Logo_Remoticom.png\",\"contentUrl\":\"https:\\\/\\\/remoticom.com\\\/wp-content\\\/uploads\\\/2024\\\/09\\\/Logo_Remoticom.png\",\"width\":22889,\"height\":10145,\"caption\":\"Remoticom\"},\"image\":{\"@id\":\"https:\\\/\\\/remoticom.com\\\/nl_nl\\\/#\\\/schema\\\/logo\\\/image\\\/\"},\"sameAs\":[\"https:\\\/\\\/www.instagram.com\\\/remoticom\\\/\",\"https:\\\/\\\/www.linkedin.com\\\/company\\\/remoticom-bv\"]}]}<\/script>\n<!-- \/ Yoast SEO plugin. -->","yoast_head_json":{"title":"EnergyNode Motion - Remoticom","robots":{"index":"index","follow":"follow","max-snippet":"max-snippet:-1","max-image-preview":"max-image-preview:large","max-video-preview":"max-video-preview:-1"},"canonical":"https:\/\/remoticom.com\/de\/produkt\/energynode-motion\/","og_locale":"de_DE","og_type":"article","og_title":"EnergyNode Motion - Remoticom","og_description":"De EnergyNode Motion kan een Bluetooth mesh netwerk opbouwen met andere apparaten uit de EnergyNode-familie zodat bij bewegingsdetectie van een EnergyNode Motion de andere apparaten eveneens het signaal krijgen om het lampniveau te veranderen. Hiermee kunnen lampen geschakeld worden en is het mogelijk om een follow-me principe toe te passen. Denk hierbij aan bijvoorbeeld een (snel) fietspad waarbij het licht de fietser zal volgen als een\u201dlichttrein\u201d of \u201clichtbubbel\u201d.","og_url":"https:\/\/remoticom.com\/de\/produkt\/energynode-motion\/","og_site_name":"Remoticom","article_modified_time":"2025-05-27T07:45:07+00:00","og_image":[{"url":"https:\/\/remoticom.com\/wp-content\/uploads\/2021\/03\/NEW.png","width":5079,"height":5079,"type":"image\/png"}],"twitter_card":"summary_large_image","twitter_misc":{"Gesch\u00e4tzte Lesezeit":"1\u00a0Minute"},"schema":{"@context":"https:\/\/schema.org","@graph":[{"@type":"WebPage","@id":"https:\/\/remoticom.com\/product\/energynode-motion\/","url":"https:\/\/remoticom.com\/product\/energynode-motion\/","name":"EnergyNode Motion - Remoticom","isPartOf":{"@id":"https:\/\/remoticom.com\/nl_nl\/#website"},"primaryImageOfPage":{"@id":"https:\/\/remoticom.com\/product\/energynode-motion\/#primaryimage"},"image":{"@id":"https:\/\/remoticom.com\/product\/energynode-motion\/#primaryimage"},"thumbnailUrl":"https:\/\/remoticom.com\/wp-content\/uploads\/2021\/03\/NEW.png","datePublished":"2021-03-24T10:06:52+00:00","dateModified":"2025-05-27T07:45:07+00:00","breadcrumb":{"@id":"https:\/\/remoticom.com\/product\/energynode-motion\/#breadcrumb"},"inLanguage":"de","potentialAction":[{"@type":"ReadAction","target":["https:\/\/remoticom.com\/product\/energynode-motion\/"]}]},{"@type":"ImageObject","inLanguage":"de","@id":"https:\/\/remoticom.com\/product\/energynode-motion\/#primaryimage","url":"https:\/\/remoticom.com\/wp-content\/uploads\/2021\/03\/NEW.png","contentUrl":"https:\/\/remoticom.com\/wp-content\/uploads\/2021\/03\/NEW.png","width":5079,"height":5079},{"@type":"BreadcrumbList","@id":"https:\/\/remoticom.com\/product\/energynode-motion\/#breadcrumb","itemListElement":[{"@type":"ListItem","position":1,"name":"Home","item":"https:\/\/remoticom.com\/"},{"@type":"ListItem","position":2,"name":"Producten","item":"https:\/\/remoticom.com\/en\/producten\/"},{"@type":"ListItem","position":3,"name":"EnergyNode Motion"}]},{"@type":"WebSite","@id":"https:\/\/remoticom.com\/nl_nl\/#website","url":"https:\/\/remoticom.com\/nl_nl\/","name":"Remoticom","description":"Verbindet die Zukunft","publisher":{"@id":"https:\/\/remoticom.com\/nl_nl\/#organization"},"potentialAction":[{"@type":"SearchAction","target":{"@type":"EntryPoint","urlTemplate":"https:\/\/remoticom.com\/nl_nl\/?s={search_term_string}"},"query-input":{"@type":"PropertyValueSpecification","valueRequired":true,"valueName":"search_term_string"}}],"inLanguage":"de"},{"@type":"Organization","@id":"https:\/\/remoticom.com\/nl_nl\/#organization","name":"Remoticom","url":"https:\/\/remoticom.com\/nl_nl\/","logo":{"@type":"ImageObject","inLanguage":"de","@id":"https:\/\/remoticom.com\/nl_nl\/#\/schema\/logo\/image\/","url":"https:\/\/remoticom.com\/wp-content\/uploads\/2024\/09\/Logo_Remoticom.png","contentUrl":"https:\/\/remoticom.com\/wp-content\/uploads\/2024\/09\/Logo_Remoticom.png","width":22889,"height":10145,"caption":"Remoticom"},"image":{"@id":"https:\/\/remoticom.com\/nl_nl\/#\/schema\/logo\/image\/"},"sameAs":["https:\/\/www.instagram.com\/remoticom\/","https:\/\/www.linkedin.com\/company\/remoticom-bv"]}]}},"_links":{"self":[{"href":"https:\/\/remoticom.com\/de\/wp-json\/wp\/v2\/product\/9886","targetHints":{"allow":["GET"]}}],"collection":[{"href":"https:\/\/remoticom.com\/de\/wp-json\/wp\/v2\/product"}],"about":[{"href":"https:\/\/remoticom.com\/de\/wp-json\/wp\/v2\/types\/product"}],"wp:featuredmedia":[{"embeddable":true,"href":"https:\/\/remoticom.com\/de\/wp-json\/wp\/v2\/media\/13057"}],"wp:attachment":[{"href":"https:\/\/remoticom.com\/de\/wp-json\/wp\/v2\/media?parent=9886"}],"wp:term":[{"taxonomy":"product_brand","embeddable":true,"href":"https:\/\/remoticom.com\/de\/wp-json\/wp\/v2\/product_brand?post=9886"},{"taxonomy":"product_cat","embeddable":true,"href":"https:\/\/remoticom.com\/de\/wp-json\/wp\/v2\/product_cat?post=9886"},{"taxonomy":"product_tag","embeddable":true,"href":"https:\/\/remoticom.com\/de\/wp-json\/wp\/v2\/product_tag?post=9886"}],"curies":[{"name":"wp","href":"https:\/\/api.w.org\/{rel}","templated":true}]}}